{"id":1503,"date":"2023-12-12T12:35:50","date_gmt":"2023-12-12T12:35:50","guid":{"rendered":"https:\/\/dantz.eu\/wear\/?page_id=1503"},"modified":"2025-05-07T11:29:13","modified_gmt":"2025-05-07T11:29:13","slug":"dantz-wear-2-0","status":"publish","type":"page","link":"https:\/\/dantz.eu\/wear\/","title":{"rendered":"Dantz Wear"},"content":{"rendered":"\t\t<div data-elementor-type=\"wp-page\" data-elementor-id=\"1503\" class=\"elementor elementor-1503\" data-elementor-post-type=\"page\">\n\t\t\t\t\t\t<section class=\"elementor-section elementor-top-section elementor-element elementor-element-14cf4b8 elementor-section-full_width elementor-section-height-min-height elementor-section-height-default elementor-section-items-middle\" data-id=\"14cf4b8\" data-element_type=\"section\" data-settings=\"{&quot;background_background&quot;:&quot;classic&quot;}\">\n\t\t\t\t\t\t\t<div class=\"elementor-background-overlay\"><\/div>\n\t\t\t\t\t\t\t<div class=\"elementor-container elementor-column-gap-default\">\n\t\t\t\t\t<div class=\"elementor-column elementor-col-100 elementor-top-column elementor-element elementor-element-58fbab9\" data-id=\"58fbab9\" data-element_type=\"column\">\n\t\t\t<div class=\"elementor-widget-wrap elementor-element-populated\">\n\t\t\t\t\t\t<div class=\"elementor-element elementor-element-cd94fe4 elementor-widget elementor-widget-heading\" data-id=\"cd94fe4\" data-element_type=\"widget\" data-widget_type=\"heading.default\">\n\t\t\t\t<div class=\"elementor-widget-container\">\n\t\t\t<h2 class=\"elementor-heading-title elementor-size-default\">Dan-tz x Loreak Mendian<\/h2>\t\t<\/div>\n\t\t\t\t<\/div>\n\t\t\t\t<div class=\"elementor-element elementor-element-8403526 elementor-align-center elementor-widget elementor-widget-button\" data-id=\"8403526\" data-element_type=\"widget\" data-widget_type=\"button.default\">\n\t\t\t\t<div class=\"elementor-widget-container\">\n\t\t\t\t\t<div class=\"elementor-button-wrapper\">\n\t\t\t<a class=\"elementor-button elementor-button-link elementor-size-sm\" href=\"https:\/\/www.loreakmendian.com\/es\/catalog\/product\/view\/id\/56333\/s\/camiseta-ts-lm-dantz\/category\/505\/\">\n\t\t\t\t\t\t<span class=\"elementor-button-content-wrapper\">\n\t\t\t\t\t\t\t\t\t<span class=\"elementor-button-text\">Comprar<\/span>\n\t\t\t\t\t<\/span>\n\t\t\t\t\t<\/a>\n\t\t<\/div>\n\t\t\t\t<\/div>\n\t\t\t\t<\/div>\n\t\t\t\t\t<\/div>\n\t\t<\/div>\n\t\t\t\t\t<\/div>\n\t\t<\/section>\n\t\t\t\t<section class=\"elementor-section elementor-top-section elementor-element elementor-element-81402d8 elementor-section-full_width elementor-section-height-min-height elementor-section-items-stretch elementor-reverse-mobile elementor-section-height-default\" data-id=\"81402d8\" data-element_type=\"section\" data-settings=\"{&quot;background_background&quot;:&quot;classic&quot;}\">\n\t\t\t\t\t\t<div class=\"elementor-container elementor-column-gap-default\">\n\t\t\t\t\t<div class=\"elementor-column elementor-col-50 elementor-top-column elementor-element elementor-element-f4c70b2\" data-id=\"f4c70b2\" data-element_type=\"column\" data-settings=\"{&quot;background_background&quot;:&quot;classic&quot;}\">\n\t\t\t<div class=\"elementor-widget-wrap elementor-element-populated\">\n\t\t\t\t\t\t<div class=\"elementor-element elementor-element-59e4ecf elementor-widget elementor-widget-spacer\" data-id=\"59e4ecf\" data-element_type=\"widget\" data-widget_type=\"spacer.default\">\n\t\t\t\t<div class=\"elementor-widget-container\">\n\t\t\t\t\t<div class=\"elementor-spacer\">\n\t\t\t<div class=\"elementor-spacer-inner\"><\/div>\n\t\t<\/div>\n\t\t\t\t<\/div>\n\t\t\t\t<\/div>\n\t\t\t\t\t<\/div>\n\t\t<\/div>\n\t\t\t\t<div class=\"elementor-column elementor-col-50 elementor-top-column elementor-element elementor-element-c162f3d\" data-id=\"c162f3d\" data-element_type=\"column\">\n\t\t\t<div class=\"elementor-widget-wrap elementor-element-populated\">\n\t\t\t\t\t\t<div class=\"elementor-element elementor-element-ed6d986 elementor-widget elementor-widget-heading\" data-id=\"ed6d986\" data-element_type=\"widget\" data-widget_type=\"heading.default\">\n\t\t\t\t<div class=\"elementor-widget-container\">\n\t\t\t<h2 class=\"elementor-heading-title elementor-size-default\">Dantz Festival 2023 x Loreak Mendian<\/h2>\t\t<\/div>\n\t\t\t\t<\/div>\n\t\t\t\t<div class=\"elementor-element elementor-element-1946ed3 elementor-widget elementor-widget-text-editor\" data-id=\"1946ed3\" data-element_type=\"widget\" data-widget_type=\"text-editor.default\">\n\t\t\t\t<div class=\"elementor-widget-container\">\n\t\t\t\t\t\t\t<p>Una colaboraci\u00f3n en la que destacamos los lugares emblem\u00e1ticos dedicados a la m\u00fasica y dise\u00f1amos esta exclusiva camiseta de edici\u00f3n limitada, disponible tanto en las tiendas Loreak Mendian en Donosti como en l\u00ednea. Se trata de una edici\u00f3n sumamente limitada, con muy pocas unidades disponibles.<\/p>\t\t\t\t\t\t<\/div>\n\t\t\t\t<\/div>\n\t\t\t\t\t<\/div>\n\t\t<\/div>\n\t\t\t\t\t<\/div>\n\t\t<\/section>\n\t\t\t\t<section class=\"elementor-section elementor-top-section elementor-element elementor-element-5c2e912 elementor-section-full_width elementor-section-height-min-height elementor-section-items-stretch elementor-reverse-tablet elementor-section-height-default\" data-id=\"5c2e912\" data-element_type=\"section\" data-settings=\"{&quot;background_background&quot;:&quot;classic&quot;}\">\n\t\t\t\t\t\t<div class=\"elementor-container elementor-column-gap-default\">\n\t\t\t\t\t<div class=\"elementor-column elementor-col-50 elementor-top-column elementor-element elementor-element-4dcfdb6\" data-id=\"4dcfdb6\" data-element_type=\"column\">\n\t\t\t<div class=\"elementor-widget-wrap elementor-element-populated\">\n\t\t\t\t\t\t<div class=\"elementor-element elementor-element-719d2ef elementor-widget elementor-widget-heading\" data-id=\"719d2ef\" data-element_type=\"widget\" data-widget_type=\"heading.default\">\n\t\t\t\t<div class=\"elementor-widget-container\">\n\t\t\t<h2 class=\"elementor-heading-title elementor-size-default\">Dantz x Sindesperdicio<\/h2>\t\t<\/div>\n\t\t\t\t<\/div>\n\t\t\t\t<div class=\"elementor-element elementor-element-550c3cd elementor-widget elementor-widget-text-editor\" data-id=\"550c3cd\" data-element_type=\"widget\" data-widget_type=\"text-editor.default\">\n\t\t\t\t<div class=\"elementor-widget-container\">\n\t\t\t\t\t\t\t<p>Dantz, en colaboraci\u00f3n con Ema\u00fas Fundaci\u00f3n Social y la Diputaci\u00f3n de Gipuzkoa, propuso la creaci\u00f3n de una marca de ropa sostenible mediante el hackeo de prendas de segunda mano. La preselecci\u00f3n y filtrado de la ropa fueron realizados por Dantz y Sindesperdicio (de Ema\u00fas Fundaci\u00f3n Social), mientras que los artistas seleccionados pudieron elegir entre estas prendas para personalizarlas. Para participar, los artistas tuvieron que enviar portfolios sin tem\u00e1tica espec\u00edfica, y se llev\u00f3 a cabo una selecci\u00f3n para el proceso creativo mencionado anteriormente.<\/p>\t\t\t\t\t\t<\/div>\n\t\t\t\t<\/div>\n\t\t\t\t\t<\/div>\n\t\t<\/div>\n\t\t\t\t<div class=\"elementor-column elementor-col-50 elementor-top-column elementor-element elementor-element-bdc58f3\" data-id=\"bdc58f3\" data-element_type=\"column\" data-settings=\"{&quot;background_background&quot;:&quot;classic&quot;}\">\n\t\t\t<div class=\"elementor-widget-wrap elementor-element-populated\">\n\t\t\t\t\t\t<div class=\"elementor-element elementor-element-47f7874 elementor-widget elementor-widget-spacer\" data-id=\"47f7874\" data-element_type=\"widget\" data-widget_type=\"spacer.default\">\n\t\t\t\t<div class=\"elementor-widget-container\">\n\t\t\t\t\t<div class=\"elementor-spacer\">\n\t\t\t<div class=\"elementor-spacer-inner\"><\/div>\n\t\t<\/div>\n\t\t\t\t<\/div>\n\t\t\t\t<\/div>\n\t\t\t\t\t<\/div>\n\t\t<\/div>\n\t\t\t\t\t<\/div>\n\t\t<\/section>\n\t\t\t\t<section class=\"elementor-section elementor-top-section elementor-element elementor-element-a36e04a elementor-section-full_width elementor-section-height-min-height elementor-section-height-default elementor-section-items-middle\" data-id=\"a36e04a\" data-element_type=\"section\" data-settings=\"{&quot;background_background&quot;:&quot;classic&quot;}\">\n\t\t\t\t\t\t<div class=\"elementor-container elementor-column-gap-default\">\n\t\t\t\t\t<div class=\"elementor-column elementor-col-100 elementor-top-column elementor-element elementor-element-2623a81\" data-id=\"2623a81\" data-element_type=\"column\">\n\t\t\t<div class=\"elementor-widget-wrap\">\n\t\t\t\t\t\t\t<\/div>\n\t\t<\/div>\n\t\t\t\t\t<\/div>\n\t\t<\/section>\n\t\t\t\t<section class=\"elementor-section elementor-top-section elementor-element elementor-element-0f4034d elementor-section-full_width elementor-section-height-min-height elementor-section-items-stretch elementor-reverse-mobile elementor-section-height-default\" data-id=\"0f4034d\" data-element_type=\"section\" data-settings=\"{&quot;background_background&quot;:&quot;classic&quot;}\">\n\t\t\t\t\t\t<div class=\"elementor-container elementor-column-gap-default\">\n\t\t\t\t\t<div class=\"elementor-column elementor-col-50 elementor-top-column elementor-element elementor-element-d6af6f8\" data-id=\"d6af6f8\" data-element_type=\"column\" data-settings=\"{&quot;background_background&quot;:&quot;classic&quot;}\">\n\t\t\t<div class=\"elementor-widget-wrap elementor-element-populated\">\n\t\t\t\t\t\t<div class=\"elementor-element elementor-element-e6bbaa7 elementor-widget elementor-widget-spacer\" data-id=\"e6bbaa7\" data-element_type=\"widget\" data-widget_type=\"spacer.default\">\n\t\t\t\t<div class=\"elementor-widget-container\">\n\t\t\t\t\t<div class=\"elementor-spacer\">\n\t\t\t<div class=\"elementor-spacer-inner\"><\/div>\n\t\t<\/div>\n\t\t\t\t<\/div>\n\t\t\t\t<\/div>\n\t\t\t\t\t<\/div>\n\t\t<\/div>\n\t\t\t\t<div class=\"elementor-column elementor-col-50 elementor-top-column elementor-element elementor-element-21e0be2\" data-id=\"21e0be2\" data-element_type=\"column\">\n\t\t\t<div class=\"elementor-widget-wrap elementor-element-populated\">\n\t\t\t\t\t\t<div class=\"elementor-element elementor-element-cb01e01 elementor-widget elementor-widget-heading\" data-id=\"cb01e01\" data-element_type=\"widget\" data-widget_type=\"heading.default\">\n\t\t\t\t<div class=\"elementor-widget-container\">\n\t\t\t<h2 class=\"elementor-heading-title elementor-size-default\">Dantz Magma 2022<\/h2>\t\t<\/div>\n\t\t\t\t<\/div>\n\t\t\t\t<div class=\"elementor-element elementor-element-72d3fd3 elementor-widget elementor-widget-text-editor\" data-id=\"72d3fd3\" data-element_type=\"widget\" data-widget_type=\"text-editor.default\">\n\t\t\t\t<div class=\"elementor-widget-container\">\n\t\t\t\t\t\t\t<p>S\u00ed, nosotros tambi\u00e9n echamos de menos el festival. El anfiteatro, el buen tiempo, buen rollo, la m\u00fasica. As\u00ed nace la sudadera dan-tz Magma en su edici\u00f3n limitada: exclusiva y dedicada a todas las personas que fuisteis, sois y ser\u00e9is parte de esto.<\/p>\t\t\t\t\t\t<\/div>\n\t\t\t\t<\/div>\n\t\t\t\t\t<\/div>\n\t\t<\/div>\n\t\t\t\t\t<\/div>\n\t\t<\/section>\n\t\t\t\t<\/div>\n\t\t","protected":false},"excerpt":{"rendered":"<p>Dan-tz x Loreak Mendian Comprar Dantz Festival 2023 x Loreak Mendian Una colaboraci\u00f3n en la que destacamos los lugares emblem\u00e1ticos dedicados a la m\u00fasica y dise\u00f1amos esta exclusiva camiseta de edici\u00f3n limitada, disponible tanto en las tiendas Loreak Mendian en Donosti como en l\u00ednea. Se trata de una edici\u00f3n sumamente limitada, con muy pocas unidades [&hellip;]<\/p>\n","protected":false},"author":2,"featured_media":0,"parent":0,"menu_order":0,"comment_status":"closed","ping_status":"closed","template":"elementor_header_footer","meta":{"_acf_changed":false,"footnotes":""},"class_list":["post-1503","page","type-page","status-publish","hentry"],"acf":[],"yoast_head":"<!-- This site is optimized with the Yoast SEO plugin v23.5 - https:\/\/yoast.com\/wordpress\/plugins\/seo\/ -->\n<title>Dantz Wear - Dantz Wear<\/title>\n<meta name=\"robots\" content=\"index, follow, max-snippet:-1, max-image-preview:large, max-video-preview:-1\" \/>\n<link rel=\"canonical\" href=\"https:\/\/dantz.eu\/wear\/\" \/>\n<meta property=\"og:locale\" content=\"es_ES\" \/>\n<meta property=\"og:type\" content=\"article\" \/>\n<meta property=\"og:title\" content=\"Dantz Wear - Dantz Wear\" \/>\n<meta property=\"og:description\" content=\"Dan-tz x Loreak Mendian Comprar Dantz Festival 2023 x Loreak Mendian Una colaboraci\u00f3n en la que destacamos los lugares emblem\u00e1ticos dedicados a la m\u00fasica y dise\u00f1amos esta exclusiva camiseta de edici\u00f3n limitada, disponible tanto en las tiendas Loreak Mendian en Donosti como en l\u00ednea. Se trata de una edici\u00f3n sumamente limitada, con muy pocas unidades [&hellip;]\" \/>\n<meta property=\"og:url\" content=\"https:\/\/dantz.eu\/wear\/\" \/>\n<meta property=\"og:site_name\" content=\"Dantz Wear\" \/>\n<meta property=\"article:modified_time\" content=\"2025-05-07T11:29:13+00:00\" \/>\n<meta name=\"twitter:card\" content=\"summary_large_image\" \/>\n<meta name=\"twitter:label1\" content=\"Tiempo de lectura\" \/>\n\t<meta name=\"twitter:data1\" content=\"1 minuto\" \/>\n<script type=\"application\/ld+json\" class=\"yoast-schema-graph\">{\"@context\":\"https:\/\/schema.org\",\"@graph\":[{\"@type\":\"WebPage\",\"@id\":\"https:\/\/dantz.eu\/wear\/\",\"url\":\"https:\/\/dantz.eu\/wear\/\",\"name\":\"Dantz Wear - Dantz Wear\",\"isPartOf\":{\"@id\":\"https:\/\/dantz.eu\/wear\/#website\"},\"datePublished\":\"2023-12-12T12:35:50+00:00\",\"dateModified\":\"2025-05-07T11:29:13+00:00\",\"breadcrumb\":{\"@id\":\"https:\/\/dantz.eu\/wear\/#breadcrumb\"},\"inLanguage\":\"es\",\"potentialAction\":[{\"@type\":\"ReadAction\",\"target\":[\"https:\/\/dantz.eu\/wear\/\"]}]},{\"@type\":\"BreadcrumbList\",\"@id\":\"https:\/\/dantz.eu\/wear\/#breadcrumb\",\"itemListElement\":[{\"@type\":\"ListItem\",\"position\":1,\"name\":\"Portada\",\"item\":\"https:\/\/dantz.eu\/wear\/\"},{\"@type\":\"ListItem\",\"position\":2,\"name\":\"Dantz Wear\"}]},{\"@type\":\"WebSite\",\"@id\":\"https:\/\/dantz.eu\/wear\/#website\",\"url\":\"https:\/\/dantz.eu\/wear\/\",\"name\":\"Dantz Wear\",\"description\":\"Circular Culture\",\"potentialAction\":[{\"@type\":\"SearchAction\",\"target\":{\"@type\":\"EntryPoint\",\"urlTemplate\":\"https:\/\/dantz.eu\/wear\/?s={search_term_string}\"},\"query-input\":{\"@type\":\"PropertyValueSpecification\",\"valueRequired\":true,\"valueName\":\"search_term_string\"}}],\"inLanguage\":\"es\"}]}<\/script>\n<!-- \/ Yoast SEO plugin. -->","yoast_head_json":{"title":"Dantz Wear - Dantz Wear","robots":{"index":"index","follow":"follow","max-snippet":"max-snippet:-1","max-image-preview":"max-image-preview:large","max-video-preview":"max-video-preview:-1"},"canonical":"https:\/\/dantz.eu\/wear\/","og_locale":"es_ES","og_type":"article","og_title":"Dantz Wear - Dantz Wear","og_description":"Dan-tz x Loreak Mendian Comprar Dantz Festival 2023 x Loreak Mendian Una colaboraci\u00f3n en la que destacamos los lugares emblem\u00e1ticos dedicados a la m\u00fasica y dise\u00f1amos esta exclusiva camiseta de edici\u00f3n limitada, disponible tanto en las tiendas Loreak Mendian en Donosti como en l\u00ednea. Se trata de una edici\u00f3n sumamente limitada, con muy pocas unidades [&hellip;]","og_url":"https:\/\/dantz.eu\/wear\/","og_site_name":"Dantz Wear","article_modified_time":"2025-05-07T11:29:13+00:00","twitter_card":"summary_large_image","twitter_misc":{"Tiempo de lectura":"1 minuto"},"schema":{"@context":"https:\/\/schema.org","@graph":[{"@type":"WebPage","@id":"https:\/\/dantz.eu\/wear\/","url":"https:\/\/dantz.eu\/wear\/","name":"Dantz Wear - Dantz Wear","isPartOf":{"@id":"https:\/\/dantz.eu\/wear\/#website"},"datePublished":"2023-12-12T12:35:50+00:00","dateModified":"2025-05-07T11:29:13+00:00","breadcrumb":{"@id":"https:\/\/dantz.eu\/wear\/#breadcrumb"},"inLanguage":"es","potentialAction":[{"@type":"ReadAction","target":["https:\/\/dantz.eu\/wear\/"]}]},{"@type":"BreadcrumbList","@id":"https:\/\/dantz.eu\/wear\/#breadcrumb","itemListElement":[{"@type":"ListItem","position":1,"name":"Portada","item":"https:\/\/dantz.eu\/wear\/"},{"@type":"ListItem","position":2,"name":"Dantz Wear"}]},{"@type":"WebSite","@id":"https:\/\/dantz.eu\/wear\/#website","url":"https:\/\/dantz.eu\/wear\/","name":"Dantz Wear","description":"Circular Culture","potentialAction":[{"@type":"SearchAction","target":{"@type":"EntryPoint","urlTemplate":"https:\/\/dantz.eu\/wear\/?s={search_term_string}"},"query-input":{"@type":"PropertyValueSpecification","valueRequired":true,"valueName":"search_term_string"}}],"inLanguage":"es"}]}},"_links":{"self":[{"href":"https:\/\/dantz.eu\/wear\/wp-json\/wp\/v2\/pages\/1503","targetHints":{"allow":["GET"]}}],"collection":[{"href":"https:\/\/dantz.eu\/wear\/wp-json\/wp\/v2\/pages"}],"about":[{"href":"https:\/\/dantz.eu\/wear\/wp-json\/wp\/v2\/types\/page"}],"author":[{"embeddable":true,"href":"https:\/\/dantz.eu\/wear\/wp-json\/wp\/v2\/users\/2"}],"replies":[{"embeddable":true,"href":"https:\/\/dantz.eu\/wear\/wp-json\/wp\/v2\/comments?post=1503"}],"version-history":[{"count":45,"href":"https:\/\/dantz.eu\/wear\/wp-json\/wp\/v2\/pages\/1503\/revisions"}],"predecessor-version":[{"id":1585,"href":"https:\/\/dantz.eu\/wear\/wp-json\/wp\/v2\/pages\/1503\/revisions\/1585"}],"wp:attachment":[{"href":"https:\/\/dantz.eu\/wear\/wp-json\/wp\/v2\/media?parent=1503"}],"curies":[{"name":"wp","href":"https:\/\/api.w.org\/{rel}","templated":true}]}}