{"id":21705,"date":"2026-01-23T09:35:13","date_gmt":"2026-01-23T08:35:13","guid":{"rendered":"https:\/\/dantz.eu\/sarreraren-erabilera-eta-salmenta-baldintzak\/"},"modified":"2026-01-23T09:59:55","modified_gmt":"2026-01-23T08:59:55","slug":"sarreraren-erabilera-eta-salmenta-baldintzak","status":"publish","type":"page","link":"https:\/\/dantz.eu\/eu\/sarreraren-erabilera-eta-salmenta-baldintzak\/","title":{"rendered":"SARRERAREN ERABILERA- ETA SALMENTA-BALDINTZAK"},"content":{"rendered":"\t\t<div data-elementor-type=\"wp-page\" data-elementor-id=\"21705\" class=\"elementor elementor-21705 elementor-21700\" data-elementor-post-type=\"page\">\n\t\t\t\t\t\t<section class=\"elementor-section elementor-top-section elementor-element elementor-element-7c7d06f5 elementor-section-boxed elementor-section-height-default elementor-section-height-default\" data-id=\"7c7d06f5\" data-element_type=\"section\">\n\t\t\t\t\t\t<div class=\"elementor-container elementor-column-gap-default\">\n\t\t\t\t\t<div class=\"elementor-column elementor-col-100 elementor-top-column elementor-element elementor-element-13e808ec\" data-id=\"13e808ec\" data-element_type=\"column\">\n\t\t\t<div class=\"elementor-widget-wrap elementor-element-populated\">\n\t\t\t\t\t\t<div class=\"elementor-element elementor-element-12e64e61 elementor-widget__width-initial elementor-widget elementor-widget-text-editor\" data-id=\"12e64e61\" data-element_type=\"widget\" data-widget_type=\"text-editor.default\">\n\t\t\t\t<div class=\"elementor-widget-container\">\n\t\t\t\t\t\t\t<h3 data-start=\"6510\" data-end=\"6563\">SARRERA EROSTEAN, BALDINTZA HAUEK ONARTZEN DITUZU<\/h3>\r\n<p data-start=\"6565\" data-end=\"6894\">Dokumentu honek Dantz-ek antolatutako ekitaldietarako sarreren erosketa, sarbidea eta erabilera arautzen ditu. Dantz marka <strong data-start=\"6688\" data-end=\"6718\">Contemporary Concept, S.L.<\/strong> enpresak kudeatzen du (IFZ B42893230), egoitza soziala Goikale kalea 12, beheko solairua B, 20160 Lasarte-Oria (Gipuzkoa), Espainian duelarik (aurrerantzean, \u201cAntolatzailea\u201d).<\/p>\r\n<p data-start=\"6896\" data-end=\"7108\">Baldintza hauek Eventim edo baimendutako beste salmenta-plataforma ofizial batzuen bidez erositako sarrera guztiei aplikatzen zaizkie, bai eta ekitaldiak egiten diren esparruetara sartzeko eta bertan egoteko ere.<\/p>\r\n\r\n\r\n<hr data-start=\"7110\" data-end=\"7113\" \/>\r\n\r\n<h3 data-start=\"7115\" data-end=\"7153\">1. SARRERAREN IZAERA ETA ERABILERA<\/h3>\r\n<p data-start=\"7155\" data-end=\"7244\">Sarrera sarbide bakarrerako balio duen titulua da, kontrakoa berariaz adierazten ez bada.<\/p>\r\n<p data-start=\"7246\" data-end=\"7399\">Debekatuta dago sarrera manipulatzea, aldatzea, fotokopiatzea, erreproduzitzea edo publizitate-, sustapen- edo baimenik gabeko helburuetarako erabiltzea.<\/p>\r\n<p data-start=\"7401\" data-end=\"7523\">Sarrera balioztatu ezin bada, aldatuta badago, bikoiztuta badago edo jada erabilia izan bada, ez da sarbiderik baimenduko.<\/p>\r\n<p data-start=\"7525\" data-end=\"7623\">Kode bikoizketaren kasuan, behar bezala balioztatutako lehen sarrera baino ez da balioduna izango.<\/p>\r\n<p data-start=\"7625\" data-end=\"7710\">Antolatzailea ez da arduratzen salmenta-kanal ofizialetatik kanpo erositako sarrerez.<\/p>\r\n\r\n\r\n<hr data-start=\"7712\" data-end=\"7715\" \/>\r\n\r\n<h3 data-start=\"7717\" data-end=\"7740\">2. IZENDUN SARRERAK<\/h3>\r\n<p data-start=\"7742\" data-end=\"7818\">Sarrerak izendunak izan daitezke, erosketa-prozesuan hala adierazten denean.<\/p>\r\n<p data-start=\"7820\" data-end=\"7927\">Antolatzaileak identifikazio-agiri ofizial bat eskatu ahal izango du sarreraren titulartasuna egiaztatzeko.<\/p>\r\n<p data-start=\"7929\" data-end=\"7999\">Bertaratutakoek sarrera ekitaldiaren iraupen osoan gorde beharko dute.<\/p>\r\n<p data-start=\"8001\" data-end=\"8162\">Sarreraren titularra aldatzea doan baimendu ahal izango da <a class=\"decorated-link cursor-pointer\" rel=\"noopener\" data-start=\"8060\" data-end=\"8073\">info@dantz.eu<\/a> helbidera eskatuta, dagokion salmenta-plataformak ezarritako epe eta baldintzen barruan.<\/p>\r\n\r\n\r\n<hr data-start=\"8164\" data-end=\"8167\" \/>\r\n\r\n<h3 data-start=\"8169\" data-end=\"8219\">3. EKITALDIRAKO SARBIDEA ETA ONARPEN-ESKUBIDEA<\/h3>\r\n<p data-start=\"8221\" data-end=\"8313\">Antolatzaileak onarpen-eskubidea gordetzen du indarrean dagoen araudiaren arabera, bereziki:<\/p>\r\n\r\n<ul data-start=\"8315\" data-end=\"8621\">\r\n \t<li data-start=\"8315\" data-end=\"8438\">\r\n<p data-start=\"8317\" data-end=\"8438\">Euskal Autonomia Erkidegoko Ikuskizun Publikoen eta Aisialdiko Jardueren 10\/2015 Legea, ekitaldia bertan egiten denean.<\/p>\r\n<\/li>\r\n \t<li data-start=\"8439\" data-end=\"8538\">\r\n<p data-start=\"8441\" data-end=\"8538\">Nafarroako Ikuskizun Publikoen eta Aisialdiko Jardueren 2\/1989 Foru Legea, aplikagarria denean.<\/p>\r\n<\/li>\r\n \t<li data-start=\"8539\" data-end=\"8621\">\r\n<p data-start=\"8541\" data-end=\"8621\">Beste lurraldeetan aplikagarriak diren arau autonomiko edo estatuko baliokideak.<\/p>\r\n<\/li>\r\n<\/ul>\r\n<p data-start=\"8623\" data-end=\"8691\">Sarbidea ukatu edo pertsonak kanporatu ahal izango dira, baldin eta:<\/p>\r\n\r\n<ul data-start=\"8693\" data-end=\"8988\">\r\n \t<li data-start=\"8693\" data-end=\"8763\">\r\n<p data-start=\"8695\" data-end=\"8763\">jokabide bortitzak, arriskutsuak edo nahasgarria erakusten badute,<\/p>\r\n<\/li>\r\n \t<li data-start=\"8764\" data-end=\"8837\">\r\n<p data-start=\"8766\" data-end=\"8837\">ekitaldiaren arauak edo langileen jarraibideak betetzen ez badituzte,<\/p>\r\n<\/li>\r\n \t<li data-start=\"8838\" data-end=\"8891\">\r\n<p data-start=\"8840\" data-end=\"8891\">debekatutako objektuekin sartzen saiatzen badira,<\/p>\r\n<\/li>\r\n \t<li data-start=\"8892\" data-end=\"8943\">\r\n<p data-start=\"8894\" data-end=\"8943\">mozkortuta edo substantzien eraginpean badaude,<\/p>\r\n<\/li>\r\n \t<li data-start=\"8944\" data-end=\"8988\">\r\n<p data-start=\"8946\" data-end=\"8988\">baimenik gabeko eremuetara sartzen badira.<\/p>\r\n<\/li>\r\n<\/ul>\r\n<p data-start=\"8990\" data-end=\"9087\">Ekitaldia hasita dagoenean, sarbidea mugatua izan daiteke ekitaldiaren arau espezifikoen arabera.<\/p>\r\n\r\n\r\n<hr data-start=\"9089\" data-end=\"9092\" \/>\r\n\r\n<h3 data-start=\"9094\" data-end=\"9145\">4. SEGURTASUN-ARAUAK ETA DEBEKATUTAKO OBJEKTUAK<\/h3>\r\n<p data-start=\"9147\" data-end=\"9236\">Segurtasun-arrazoiengatik, ikusleak sarreran kontrol eta ikuskapenen mende egon daitezke.<\/p>\r\n<p data-start=\"9238\" data-end=\"9277\">Debekatuta dago honako hauekin sartzea:<\/p>\r\n\r\n<ul data-start=\"9279\" data-end=\"9479\">\r\n \t<li data-start=\"9279\" data-end=\"9314\">\r\n<p data-start=\"9281\" data-end=\"9314\">armak edo objektu arriskutsuak,<\/p>\r\n<\/li>\r\n \t<li data-start=\"9315\" data-end=\"9340\">\r\n<p data-start=\"9317\" data-end=\"9340\">substantzia ilegalak,<\/p>\r\n<\/li>\r\n \t<li data-start=\"9341\" data-end=\"9395\">\r\n<p data-start=\"9343\" data-end=\"9395\">beira edo kaltegarriak izan daitezkeen materialak,<\/p>\r\n<\/li>\r\n \t<li data-start=\"9396\" data-end=\"9422\">\r\n<p data-start=\"9398\" data-end=\"9422\">material piroteknikoa,<\/p>\r\n<\/li>\r\n \t<li data-start=\"9423\" data-end=\"9479\">\r\n<p data-start=\"9425\" data-end=\"9479\">baimen espresurik gabeko grabazio-ekipo profesionalak.<\/p>\r\n<\/li>\r\n<\/ul>\r\n<p data-start=\"9481\" data-end=\"9550\">Arau hauek ez betetzeak sarbidea ukatzea edo kanporatzea ekar dezake.<\/p>\r\n\r\n\r\n<hr data-start=\"9552\" data-end=\"9555\" \/>\r\n\r\n<h3 data-start=\"9557\" data-end=\"9601\">5. GRABAZIOAK ETA IKUS-ENTZUNEZKO EDUKIA<\/h3>\r\n<p data-start=\"9603\" data-end=\"9708\">Debekatuta dago barrualdean audio- edo bideo-grabazioak egitea Antolatzailearen berariazko baimenik gabe.<\/p>\r\n<p data-start=\"9710\" data-end=\"9926\">Ekitaldira sartzeak bertaratutako pertsonen irudiak eta\/edo bideoak jasotzeko baimena ematen du, eta Dantz-ek informazio-, dokumentazio- eta sustapen-helburuetarako erabili ahal izango ditu, ordain ekonomikorik gabe.<\/p>\r\n<p data-start=\"9928\" data-end=\"10067\">Irudiak modu testuinguratuan eta errespetuz erabiliko dira, indarrean dagoen datu-babesari eta irudi-eskubideei buruzko araudiaren arabera.<\/p>\r\n\r\n\r\n<hr data-start=\"10069\" data-end=\"10072\" \/>\r\n\r\n<h3 data-start=\"10074\" data-end=\"10120\">6. ALDAKETAK, ITZULKETAK ETA ATZERA EGITEA<\/h3>\r\n<h4 data-start=\"10122\" data-end=\"10156\">6.1. Aldaketak eta itzulketak<\/h4>\r\n<p data-start=\"10158\" data-end=\"10234\">Oro har, sarrera erosi ondoren ez da aldaketarik ezta itzulketarik onartzen.<\/p>\r\n<p data-start=\"10236\" data-end=\"10331\">Hala ere, Antolatzaileak salbuespenezko kasuetan eskaerak baloratu ahal izango ditu, hala nola:<\/p>\r\n\r\n<ul data-start=\"10333\" data-end=\"10503\">\r\n \t<li data-start=\"10333\" data-end=\"10394\">\r\n<p data-start=\"10335\" data-end=\"10394\">salmenta-plataformari egotz dakizkiokeen akats teknikoak,<\/p>\r\n<\/li>\r\n \t<li data-start=\"10395\" data-end=\"10445\">\r\n<p data-start=\"10397\" data-end=\"10445\">behar bezala egiaztatutako gaixotasun larriak,<\/p>\r\n<\/li>\r\n \t<li data-start=\"10446\" data-end=\"10503\">\r\n<p data-start=\"10448\" data-end=\"10503\">behar bezala justifikatutako bestelako egoera bereziak.<\/p>\r\n<\/li>\r\n<\/ul>\r\n<p data-start=\"10505\" data-end=\"10558\">Eskaerak <a class=\"decorated-link cursor-pointer\" rel=\"noopener\" data-start=\"10514\" data-end=\"10527\">info@dantz.eu<\/a> helbidera bidali beharko dira.<\/p>\r\n\r\n<h4 data-start=\"10560\" data-end=\"10594\">6.2. Atzera egiteko eskubidea<\/h4>\r\n<p data-start=\"10596\" data-end=\"10798\">Kontsumitzaile eta Erabiltzaileen Defentsarako Lege Orokorraren 103.l) artikuluaren arabera, ez dago atzera egiteko eskubiderik data edo gauzatze-epe zehatzak dituzten ekitaldietarako sarrerak erostean.<\/p>\r\n\r\n\r\n<hr data-start=\"10800\" data-end=\"10803\" \/>\r\n\r\n<h3 data-start=\"10805\" data-end=\"10856\">7. EKITALDIA BERTAN BEHERA UZTEA EDO ATZERATZEA<\/h3>\r\n<p data-start=\"10858\" data-end=\"10913\">Ekitaldia bertan behera uzten bada edo atzeratzen bada:<\/p>\r\n\r\n<ul data-start=\"10915\" data-end=\"11166\">\r\n \t<li data-start=\"10915\" data-end=\"10986\">\r\n<p data-start=\"10917\" data-end=\"10986\">Antolatzaileak data berria edo itzulketa-prozedura jakinaraziko du.<\/p>\r\n<\/li>\r\n \t<li data-start=\"10987\" data-end=\"11166\">\r\n<p data-start=\"10989\" data-end=\"11166\">Behin betiko ezeztapenaren kasuan, sarreraren zenbatekoa (kudeaketa-gastuak barne) itzuliko da, indarrean dagoen legeriarekin eta salmenta-plataformaren politikekin bat etorriz.<\/p>\r\n<\/li>\r\n<\/ul>\r\n<p data-start=\"11168\" data-end=\"11237\">Itzulketak beti jatorrizko erosketa-kanalaren bidez izapidetuko dira.<\/p>\r\n<p data-start=\"11239\" data-end=\"11367\">Ekitaldia behin hasita ezinbesteko arrazoiengatik eten bada, ez da itzulketarik egingo, legez aurreikusitako kasuetan izan ezik.<\/p>\r\n\r\n\r\n<hr data-start=\"11369\" data-end=\"11372\" \/>\r\n\r\n<h3 data-start=\"11374\" data-end=\"11389\">8. BIRSALEA<\/h3>\r\n<p data-start=\"11391\" data-end=\"11444\">Debekatuta dago baimenik gabeko sarreren birsalmenta.<\/p>\r\n<p data-start=\"11446\" data-end=\"11576\">Birsalmenta dagokion ticketing plataformak gaitutako kanal ofizialen bidez soilik baimenduko da, eta betiere irabazi-asmorik gabe.<\/p>\r\n<p data-start=\"11578\" data-end=\"11678\">Antolatzaileak kanal horietatik kanpo birsaldu diren sarrerak baliogabetzeko eskubidea gordetzen du.<\/p>\r\n\r\n\r\n<hr data-start=\"11680\" data-end=\"11683\" \/>\r\n\r\n<h3 data-start=\"11685\" data-end=\"11711\">9. ADINGABEEN SARBIDEA<\/h3>\r\n<p data-start=\"11713\" data-end=\"11818\">Oro har, Dantz-en ekitaldiak 18 urtetik gorako pertsonentzat dira, kontrakoa berariaz adierazten ez bada.<\/p>\r\n<p data-start=\"11820\" data-end=\"11993\">Herritarrentzat irekitako edo izaera familiarra duten ekitaldietan, adingabeak heldu arduradun batekin sartu ahal izango dira, ezarritako baldintzak eta dokumentazioa betez.<\/p>\r\n<p data-start=\"11995\" data-end=\"12113\">Ekitaldi bakoitzak adingabeen sarbiderako baldintza espezifikoak ezarri ahal izango ditu, aurrez jakinaraziko direnak.<\/p>\r\n\r\n\r\n<hr data-start=\"12115\" data-end=\"12118\" \/>\r\n\r\n<h3 data-start=\"12120\" data-end=\"12179\">10. AIRE ZABALEAN EGITEN DIREN EKITALDIAK ETA EGURALDIA<\/h3>\r\n<p data-start=\"12181\" data-end=\"12230\">Dantz-en ekitaldi asko aire zabalean egiten dira.<\/p>\r\n<p data-start=\"12232\" data-end=\"12282\">Antolatzailea ez da honako hauen erantzule izango:<\/p>\r\n\r\n<ul data-start=\"12284\" data-end=\"12426\">\r\n \t<li data-start=\"12284\" data-end=\"12361\">\r\n<p data-start=\"12286\" data-end=\"12361\">eguraldi txarrak ekitaldia arrazoizko moduan egitea eragozten ez duenean,<\/p>\r\n<\/li>\r\n \t<li data-start=\"12362\" data-end=\"12426\">\r\n<p data-start=\"12364\" data-end=\"12426\">eguraldiak eragindako eragozpenengatik (euria, haizea, hotza).<\/p>\r\n<\/li>\r\n<\/ul>\r\n<p data-start=\"12428\" data-end=\"12561\">Ekitaldia soilik bertan behera utziko da baldintzek publikoaren, artisten edo talde teknikoaren segurtasuna arriskuan jartzen badute.<\/p>\r\n\r\n\r\n<hr data-start=\"12563\" data-end=\"12566\" \/>\r\n\r\n<h3 data-start=\"12568\" data-end=\"12590\">11. ERREKLAMAZIOAK<\/h3>\r\n<p data-start=\"12592\" data-end=\"12649\">Erreklamazioak honako hauetara bideratu ahal izango dira:<\/p>\r\n\r\n<ul data-start=\"12651\" data-end=\"12795\">\r\n \t<li data-start=\"12651\" data-end=\"12722\">\r\n<p data-start=\"12653\" data-end=\"12722\">Dantz \/ Contemporary Concept, S.L., ekitaldiaren antolatzaile gisa.<\/p>\r\n<\/li>\r\n \t<li data-start=\"12723\" data-end=\"12795\">\r\n<p data-start=\"12725\" data-end=\"12795\">Eventim edo beste plataforma ofizial bat, salmentako bitartekari gisa.<\/p>\r\n<\/li>\r\n<\/ul>\r\n<p data-start=\"12797\" data-end=\"12853\">Sarrera eta erosketa-egiaztagiria aurkeztu beharko dira.<\/p>\r\n\r\n\r\n<hr data-start=\"12855\" data-end=\"12858\" \/>\r\n\r\n<h3 data-start=\"12860\" data-end=\"12877\">12. HARREMANA<\/h3>\r\n<p data-start=\"12879\" data-end=\"12949\">Sarreraren erosketa edo erabilerarekin lotutako edozein kontsultarako:<\/p>\r\n<p data-start=\"12951\" data-end=\"13012\">\ud83d\udce9 <a class=\"decorated-link cursor-pointer\" rel=\"noopener\" data-start=\"12954\" data-end=\"12991\">atencionalcliente@eventim-paylogic.es<\/a><br data-start=\"12991\" data-end=\"12994\" \/>\ud83d\udce9 <a class=\"decorated-link cursor-pointer\" rel=\"noopener\" data-start=\"12997\" data-end=\"13010\">info@dantz.eu<\/a><\/p>\t\t\t\t\t\t<\/div>\n\t\t\t\t<\/div>\n\t\t\t\t\t<\/div>\n\t\t<\/div>\n\t\t\t\t\t<\/div>\n\t\t<\/section>\n\t\t\t\t<\/div>\n\t\t","protected":false},"excerpt":{"rendered":"<p>SARRERA EROSTEAN, BALDINTZA HAUEK ONARTZEN DITUZU Dokumentu honek Dantz-ek antolatutako ekitaldietarako sarreren erosketa, sarbidea eta erabilera arautzen ditu. Dantz marka Contemporary Concept, S.L. enpresak kudeatzen du (IFZ B42893230), egoitza soziala Goikale kalea 12, beheko solairua B, 20160 Lasarte-Oria (Gipuzkoa), Espainian duelarik (aurrerantzean, \u201cAntolatzailea\u201d). Baldintza hauek Eventim edo baimendutako beste salmenta-plataforma ofizial batzuen bidez erositako sarrera [&hellip;]<\/p>\n","protected":false},"author":2,"featured_media":0,"parent":0,"menu_order":0,"comment_status":"closed","ping_status":"closed","template":"","meta":{"_acf_changed":false,"footnotes":""},"class_list":["post-21705","page","type-page","status-publish","hentry"],"acf":[],"yoast_head":"<!-- This site is optimized with the Yoast SEO plugin v23.5 - https:\/\/yoast.com\/wordpress\/plugins\/seo\/ -->\n<title>M\u00fasica electr\u00f3nica y contempor\u00e1nea | Dantz | Festival | Point | Home |<\/title>\n<meta name=\"description\" content=\"Dantz es un laboratorio y contenedor de proyectos en el \u00e1mbito cultural y art\u00edstico que tiene como eje la m\u00fasica electr\u00f3nica y de vanguardia.\" \/>\n<meta name=\"robots\" content=\"noindex, nofollow\" \/>\n<meta property=\"og:locale\" content=\"eu_ES\" \/>\n<meta property=\"og:type\" content=\"article\" \/>\n<meta property=\"og:title\" content=\"M\u00fasica electr\u00f3nica y contempor\u00e1nea | Dantz | Festival | Point | Home |\" \/>\n<meta property=\"og:description\" content=\"Dantz es un laboratorio y contenedor de proyectos en el \u00e1mbito cultural y art\u00edstico que tiene como eje la m\u00fasica electr\u00f3nica y de vanguardia.\" \/>\n<meta property=\"og:url\" content=\"https:\/\/dantz.eu\/eu\/sarreraren-erabilera-eta-salmenta-baldintzak\/\" \/>\n<meta property=\"og:site_name\" content=\"Dantz\" \/>\n<meta property=\"article:publisher\" content=\"https:\/\/www.facebook.com\/dantzmusik\/\" \/>\n<meta property=\"article:modified_time\" content=\"2026-01-23T08:59:55+00:00\" \/>\n<meta name=\"twitter:card\" content=\"summary_large_image\" \/>\n<meta name=\"twitter:site\" content=\"@dantzmusik\" \/>\n<meta name=\"twitter:label1\" content=\"Est. reading time\" \/>\n\t<meta name=\"twitter:data1\" content=\"4 minutes\" \/>\n<script type=\"application\/ld+json\" class=\"yoast-schema-graph\">{\"@context\":\"https:\/\/schema.org\",\"@graph\":[{\"@type\":\"WebPage\",\"@id\":\"https:\/\/dantz.eu\/eu\/sarreraren-erabilera-eta-salmenta-baldintzak\/\",\"url\":\"https:\/\/dantz.eu\/eu\/sarreraren-erabilera-eta-salmenta-baldintzak\/\",\"name\":\"M\u00fasica electr\u00f3nica y contempor\u00e1nea | Dantz | Festival | Point | Home |\",\"isPartOf\":{\"@id\":\"https:\/\/dantz.eu\/eu\/#website\"},\"datePublished\":\"2026-01-23T08:35:13+00:00\",\"dateModified\":\"2026-01-23T08:59:55+00:00\",\"description\":\"Dantz es un laboratorio y contenedor de proyectos en el \u00e1mbito cultural y art\u00edstico que tiene como eje la m\u00fasica electr\u00f3nica y de vanguardia.\",\"inLanguage\":\"eu-ES\",\"potentialAction\":[{\"@type\":\"ReadAction\",\"target\":[\"https:\/\/dantz.eu\/eu\/sarreraren-erabilera-eta-salmenta-baldintzak\/\"]}]},{\"@type\":\"WebSite\",\"@id\":\"https:\/\/dantz.eu\/eu\/#website\",\"url\":\"https:\/\/dantz.eu\/eu\/\",\"name\":\"Dantz\",\"description\":\"Contemporary &amp; Electronic Music Platform\",\"publisher\":{\"@id\":\"https:\/\/dantz.eu\/eu\/#organization\"},\"potentialAction\":[{\"@type\":\"SearchAction\",\"target\":{\"@type\":\"EntryPoint\",\"urlTemplate\":\"https:\/\/dantz.eu\/eu\/?s={search_term_string}\"},\"query-input\":{\"@type\":\"PropertyValueSpecification\",\"valueRequired\":true,\"valueName\":\"search_term_string\"}}],\"inLanguage\":\"eu-ES\"},{\"@type\":\"Organization\",\"@id\":\"https:\/\/dantz.eu\/eu\/#organization\",\"name\":\"dantz\",\"url\":\"https:\/\/dantz.eu\/eu\/\",\"logo\":{\"@type\":\"ImageObject\",\"inLanguage\":\"eu-ES\",\"@id\":\"https:\/\/dantz.eu\/eu\/#\/schema\/logo\/image\/\",\"url\":\"https:\/\/dantz.eu\/wp-content\/uploads\/2025\/04\/d.jpg\",\"contentUrl\":\"https:\/\/dantz.eu\/wp-content\/uploads\/2025\/04\/d.jpg\",\"width\":312,\"height\":210,\"caption\":\"dantz\"},\"image\":{\"@id\":\"https:\/\/dantz.eu\/eu\/#\/schema\/logo\/image\/\"},\"sameAs\":[\"https:\/\/www.facebook.com\/dantzmusik\/\",\"https:\/\/x.com\/dantzmusik\",\"https:\/\/www.instagram.com\/dantzmusik\/\",\"https:\/\/www.youtube.com\/channel\/UC8ErqRxdgwWhMmf5yuBYF5Q\",\"https:\/\/www.linkedin.com\/company\/dantz\/posts\/?feedView=all\",\"https:\/\/soundcloud.com\/dantzmusik\"]}]}<\/script>\n<!-- \/ Yoast SEO plugin. -->","yoast_head_json":{"title":"M\u00fasica electr\u00f3nica y contempor\u00e1nea | Dantz | Festival | Point | Home |","description":"Dantz es un laboratorio y contenedor de proyectos en el \u00e1mbito cultural y art\u00edstico que tiene como eje la m\u00fasica electr\u00f3nica y de vanguardia.","robots":{"index":"noindex","follow":"nofollow"},"og_locale":"eu_ES","og_type":"article","og_title":"M\u00fasica electr\u00f3nica y contempor\u00e1nea | Dantz | Festival | Point | Home |","og_description":"Dantz es un laboratorio y contenedor de proyectos en el \u00e1mbito cultural y art\u00edstico que tiene como eje la m\u00fasica electr\u00f3nica y de vanguardia.","og_url":"https:\/\/dantz.eu\/eu\/sarreraren-erabilera-eta-salmenta-baldintzak\/","og_site_name":"Dantz","article_publisher":"https:\/\/www.facebook.com\/dantzmusik\/","article_modified_time":"2026-01-23T08:59:55+00:00","twitter_card":"summary_large_image","twitter_site":"@dantzmusik","twitter_misc":{"Est. reading time":"4 minutes"},"schema":{"@context":"https:\/\/schema.org","@graph":[{"@type":"WebPage","@id":"https:\/\/dantz.eu\/eu\/sarreraren-erabilera-eta-salmenta-baldintzak\/","url":"https:\/\/dantz.eu\/eu\/sarreraren-erabilera-eta-salmenta-baldintzak\/","name":"M\u00fasica electr\u00f3nica y contempor\u00e1nea | Dantz | Festival | Point | Home |","isPartOf":{"@id":"https:\/\/dantz.eu\/eu\/#website"},"datePublished":"2026-01-23T08:35:13+00:00","dateModified":"2026-01-23T08:59:55+00:00","description":"Dantz es un laboratorio y contenedor de proyectos en el \u00e1mbito cultural y art\u00edstico que tiene como eje la m\u00fasica electr\u00f3nica y de vanguardia.","inLanguage":"eu-ES","potentialAction":[{"@type":"ReadAction","target":["https:\/\/dantz.eu\/eu\/sarreraren-erabilera-eta-salmenta-baldintzak\/"]}]},{"@type":"WebSite","@id":"https:\/\/dantz.eu\/eu\/#website","url":"https:\/\/dantz.eu\/eu\/","name":"Dantz","description":"Contemporary &amp; Electronic Music Platform","publisher":{"@id":"https:\/\/dantz.eu\/eu\/#organization"},"potentialAction":[{"@type":"SearchAction","target":{"@type":"EntryPoint","urlTemplate":"https:\/\/dantz.eu\/eu\/?s={search_term_string}"},"query-input":{"@type":"PropertyValueSpecification","valueRequired":true,"valueName":"search_term_string"}}],"inLanguage":"eu-ES"},{"@type":"Organization","@id":"https:\/\/dantz.eu\/eu\/#organization","name":"dantz","url":"https:\/\/dantz.eu\/eu\/","logo":{"@type":"ImageObject","inLanguage":"eu-ES","@id":"https:\/\/dantz.eu\/eu\/#\/schema\/logo\/image\/","url":"https:\/\/dantz.eu\/wp-content\/uploads\/2025\/04\/d.jpg","contentUrl":"https:\/\/dantz.eu\/wp-content\/uploads\/2025\/04\/d.jpg","width":312,"height":210,"caption":"dantz"},"image":{"@id":"https:\/\/dantz.eu\/eu\/#\/schema\/logo\/image\/"},"sameAs":["https:\/\/www.facebook.com\/dantzmusik\/","https:\/\/x.com\/dantzmusik","https:\/\/www.instagram.com\/dantzmusik\/","https:\/\/www.youtube.com\/channel\/UC8ErqRxdgwWhMmf5yuBYF5Q","https:\/\/www.linkedin.com\/company\/dantz\/posts\/?feedView=all","https:\/\/soundcloud.com\/dantzmusik"]}]}},"_links":{"self":[{"href":"https:\/\/dantz.eu\/eu\/wp-json\/wp\/v2\/pages\/21705","targetHints":{"allow":["GET"]}}],"collection":[{"href":"https:\/\/dantz.eu\/eu\/wp-json\/wp\/v2\/pages"}],"about":[{"href":"https:\/\/dantz.eu\/eu\/wp-json\/wp\/v2\/types\/page"}],"author":[{"embeddable":true,"href":"https:\/\/dantz.eu\/eu\/wp-json\/wp\/v2\/users\/2"}],"replies":[{"embeddable":true,"href":"https:\/\/dantz.eu\/eu\/wp-json\/wp\/v2\/comments?post=21705"}],"version-history":[{"count":1,"href":"https:\/\/dantz.eu\/eu\/wp-json\/wp\/v2\/pages\/21705\/revisions"}],"predecessor-version":[{"id":21706,"href":"https:\/\/dantz.eu\/eu\/wp-json\/wp\/v2\/pages\/21705\/revisions\/21706"}],"wp:attachment":[{"href":"https:\/\/dantz.eu\/eu\/wp-json\/wp\/v2\/media?parent=21705"}],"curies":[{"name":"wp","href":"https:\/\/api.w.org\/{rel}","templated":true}]}}