{"id":21714,"date":"2026-01-23T09:40:23","date_gmt":"2026-01-23T08:40:23","guid":{"rendered":"https:\/\/dantz.eu\/cookies-policy\/"},"modified":"2026-01-23T09:59:22","modified_gmt":"2026-01-23T08:59:22","slug":"cookies-policy","status":"publish","type":"page","link":"https:\/\/dantz.eu\/en\/cookies-policy\/","title":{"rendered":"COOKIES POLICY"},"content":{"rendered":"\t\t<div data-elementor-type=\"wp-page\" data-elementor-id=\"21714\" class=\"elementor elementor-21714 elementor-21709\" data-elementor-post-type=\"page\">\n\t\t\t\t\t\t<section class=\"elementor-section elementor-top-section elementor-element elementor-element-4c62c6dc elementor-section-boxed elementor-section-height-default elementor-section-height-default\" data-id=\"4c62c6dc\" data-element_type=\"section\">\n\t\t\t\t\t\t<div class=\"elementor-container elementor-column-gap-default\">\n\t\t\t\t\t<div class=\"elementor-column elementor-col-100 elementor-top-column elementor-element elementor-element-4eff98bd\" data-id=\"4eff98bd\" data-element_type=\"column\">\n\t\t\t<div class=\"elementor-widget-wrap elementor-element-populated\">\n\t\t\t\t\t\t<div class=\"elementor-element elementor-element-62fdb871 elementor-widget elementor-widget-text-editor\" data-id=\"62fdb871\" data-element_type=\"widget\" data-widget_type=\"text-editor.default\">\n\t\t\t\t<div class=\"elementor-widget-container\">\n\t\t\t\t\t\t\t<p data-start=\"133\" data-end=\"249\">This Cookies Policy forms part of the terms of use of the website <a class=\"decorated-link\" href=\"https:\/\/www.dantz.eu\" target=\"_new\" rel=\"noopener\" data-start=\"199\" data-end=\"219\">https:\/\/www.dantz.eu<\/a> (hereinafter, the \u201cWebsite\u201d).<\/p>\r\n<p data-start=\"251\" data-end=\"556\">Access to and browsing of the Website implies acceptance of the general terms of use and of this Cookies Policy, in accordance with applicable regulations, without prejudice to the user being able to configure, reject or accept the use of cookies at any time through the enabled consent management system.<\/p>\r\n\r\n\r\n<hr data-start=\"558\" data-end=\"561\" \/>\r\n\r\n<h3 data-start=\"563\" data-end=\"587\">1. WHAT ARE COOKIES?<\/h3>\r\n<p data-start=\"589\" data-end=\"693\">Cookies are small text files that are downloaded onto the user\u2019s device when accessing certain websites.<\/p>\r\n<p data-start=\"695\" data-end=\"937\">They allow, among other things, the storage and retrieval of information about the user\u2019s browsing habits or their device and, depending on the information obtained, enable recognition of the user and improvement of their browsing experience.<\/p>\r\n\r\n\r\n<hr data-start=\"939\" data-end=\"942\" \/>\r\n\r\n<h3 data-start=\"944\" data-end=\"972\">2. TYPES OF COOKIES USED<\/h3>\r\n<p data-start=\"974\" data-end=\"1103\">The Website uses first-party and third-party cookies, which may be classified according to their purpose, duration and ownership.<\/p>\r\n<p data-start=\"1105\" data-end=\"1178\">According to their purpose, the following categories of cookies are used:<\/p>\r\n<p data-start=\"1180\" data-end=\"1435\">Technical or strictly necessary cookies<br data-start=\"1223\" data-end=\"1226\" \/>These cookies allow navigation through the Website and the use of the different options or services available on it. They are necessary for the basic functioning of the Website and do not require user consent.<\/p>\r\n<p data-start=\"1437\" data-end=\"1639\">Preference or personalisation cookies<br data-start=\"1478\" data-end=\"1481\" \/>These cookies allow information to be remembered so that the user can access the service with certain characteristics that may differentiate their experience.<\/p>\r\n<p data-start=\"1641\" data-end=\"1865\">Analytics or measurement cookies<br data-start=\"1677\" data-end=\"1680\" \/>These cookies allow the quantification of the number of users and the statistical analysis of how users interact with the Website, in order to improve the contents and services offered.<\/p>\r\n<p data-start=\"1867\" data-end=\"2062\">Marketing or advertising cookies<br data-start=\"1903\" data-end=\"1906\" \/>These cookies allow the most efficient management of advertising spaces and the display of personalised advertisements based on the user\u2019s browsing profile.<\/p>\r\n\r\n\r\n<hr data-start=\"2064\" data-end=\"2067\" \/>\r\n\r\n<h3 data-start=\"2069\" data-end=\"2095\">3. THIRD-PARTY COOKIES<\/h3>\r\n<p data-start=\"2097\" data-end=\"2174\">This Website uses third-party cookies, including, for informational purposes:<\/p>\r\n<p data-start=\"2176\" data-end=\"2365\">Google Analytics<br data-start=\"2196\" data-end=\"2199\" \/>A web analytics service provided by Google LLC. Google Analytics uses cookies to collect information about users\u2019 use of the Website and to generate activity reports.<\/p>\r\n<p data-start=\"2367\" data-end=\"2632\">The information generated by cookies (including the IP address, which may be anonymised) may be transmitted to and stored by Google on servers located outside the European Economic Area, with appropriate safeguards applied in accordance with applicable regulations.<\/p>\r\n<p data-start=\"2634\" data-end=\"2812\">Google will use this information on behalf of Dantz for the purpose of analysing Website usage, compiling activity reports and providing other services related to internet usage.<\/p>\r\n\r\n\r\n<hr data-start=\"2814\" data-end=\"2817\" \/>\r\n\r\n<h3 data-start=\"2819\" data-end=\"2856\">4. CONSENT MANAGEMENT (COOKIEBOT)<\/h3>\r\n<p data-start=\"2858\" data-end=\"2931\">Dantz uses Cookiebot as its cookie consent management platform (CMP).<\/p>\r\n<p data-start=\"2933\" data-end=\"2994\">Through the cookie banner and configuration panel, users may:<\/p>\r\n\r\n<ul data-start=\"2996\" data-end=\"3094\">\r\n \t<li data-start=\"2996\" data-end=\"3019\">\r\n<p data-start=\"2998\" data-end=\"3019\">accept all cookies,<\/p>\r\n<\/li>\r\n \t<li data-start=\"3020\" data-end=\"3039\">\r\n<p data-start=\"3022\" data-end=\"3039\">reject them, or<\/p>\r\n<\/li>\r\n \t<li data-start=\"3040\" data-end=\"3094\">\r\n<p data-start=\"3042\" data-end=\"3094\">configure their use on a granular basis by category.<\/p>\r\n<\/li>\r\n<\/ul>\r\n<p data-start=\"3096\" data-end=\"3215\">Users may modify or withdraw their consent at any time by accessing the cookie settings panel available on the Website.<\/p>\r\n\r\n\r\n<hr data-start=\"3217\" data-end=\"3220\" \/>\r\n\r\n<h3 data-start=\"3222\" data-end=\"3266\">5. DISABLING COOKIES THROUGH THE BROWSER<\/h3>\r\n<p data-start=\"3268\" data-end=\"3400\">In addition to management through Cookiebot, users may configure their browser to block or delete cookies installed on their device.<\/p>\r\n<p data-start=\"3402\" data-end=\"3455\">Below are links to information for the main browsers:<\/p>\r\n\r\n<ul data-start=\"3457\" data-end=\"3661\">\r\n \t<li data-start=\"3457\" data-end=\"3517\">\r\n<p data-start=\"3459\" data-end=\"3517\">Google Chrome: Settings \u2192 Privacy and security \u2192 Cookies<\/p>\r\n<\/li>\r\n \t<li data-start=\"3518\" data-end=\"3567\">\r\n<p data-start=\"3520\" data-end=\"3567\">Mozilla Firefox: Options \u2192 Privacy &amp; Security<\/p>\r\n<\/li>\r\n \t<li data-start=\"3568\" data-end=\"3601\">\r\n<p data-start=\"3570\" data-end=\"3601\">Safari: Preferences \u2192 Privacy<\/p>\r\n<\/li>\r\n \t<li data-start=\"3602\" data-end=\"3661\">\r\n<p data-start=\"3604\" data-end=\"3661\">Microsoft Edge: Settings \u2192 Cookies and site permissions<\/p>\r\n<\/li>\r\n<\/ul>\r\n<p data-start=\"3663\" data-end=\"3743\">Disabling cookies may affect the proper functioning of certain Website features.<\/p>\r\n\r\n\r\n<hr data-start=\"3745\" data-end=\"3748\" \/>\r\n\r\n<h3 data-start=\"3750\" data-end=\"3786\">6. UPDATES TO THE COOKIES POLICY<\/h3>\r\n<p data-start=\"3788\" data-end=\"3890\">Dantz reserves the right to modify this Cookies Policy to adapt it to regulatory or technical changes.<\/p>\r\n<p data-start=\"3892\" data-end=\"3945\">Users are advised to review this policy periodically.<\/p>\r\n\r\n\r\n<hr data-start=\"3947\" data-end=\"3950\" \/>\r\n\r\n<h3 data-start=\"3952\" data-end=\"3966\">7. CONTACT<\/h3>\r\n<p data-start=\"3968\" data-end=\"4049\">For any questions related to the use of cookies on this Website, you may contact:<\/p>\r\n<p data-start=\"4051\" data-end=\"4069\">\ud83d\udce9 <a class=\"decorated-link cursor-pointer\" rel=\"noopener\" data-start=\"4054\" data-end=\"4067\">info@dantz.eu<\/a><\/p>\t\t\t\t\t\t<\/div>\n\t\t\t\t<\/div>\n\t\t\t\t\t<\/div>\n\t\t<\/div>\n\t\t\t\t\t<\/div>\n\t\t<\/section>\n\t\t\t\t<\/div>\n\t\t","protected":false},"excerpt":{"rendered":"<p>This Cookies Policy forms part of the terms of use of the website https:\/\/www.dantz.eu (hereinafter, the \u201cWebsite\u201d). Access to and browsing of the Website implies acceptance of the general terms of use and of this Cookies Policy, in accordance with applicable regulations, without prejudice to the user being able to configure, reject or accept the [&hellip;]<\/p>\n","protected":false},"author":2,"featured_media":0,"parent":0,"menu_order":0,"comment_status":"closed","ping_status":"closed","template":"","meta":{"_acf_changed":false,"footnotes":""},"class_list":["post-21714","page","type-page","status-publish","hentry"],"acf":[],"yoast_head":"<!-- This site is optimized with the Yoast SEO plugin v23.5 - https:\/\/yoast.com\/wordpress\/plugins\/seo\/ -->\n<title>M\u00fasica electr\u00f3nica y contempor\u00e1nea | Dantz | Festival | Point | Home |<\/title>\n<meta name=\"description\" content=\"Dantz es un laboratorio y contenedor de proyectos en el \u00e1mbito cultural y art\u00edstico que tiene como eje la m\u00fasica electr\u00f3nica y de vanguardia.\" \/>\n<meta name=\"robots\" content=\"noindex, nofollow\" \/>\n<meta property=\"og:locale\" content=\"en_US\" \/>\n<meta property=\"og:type\" content=\"article\" \/>\n<meta property=\"og:title\" content=\"M\u00fasica electr\u00f3nica y contempor\u00e1nea | Dantz | Festival | Point | Home |\" \/>\n<meta property=\"og:description\" content=\"Dantz es un laboratorio y contenedor de proyectos en el \u00e1mbito cultural y art\u00edstico que tiene como eje la m\u00fasica electr\u00f3nica y de vanguardia.\" \/>\n<meta property=\"og:url\" content=\"https:\/\/dantz.eu\/en\/cookies-policy\/\" \/>\n<meta property=\"og:site_name\" content=\"Dantz\" \/>\n<meta property=\"article:publisher\" content=\"https:\/\/www.facebook.com\/dantzmusik\/\" \/>\n<meta property=\"article:modified_time\" content=\"2026-01-23T08:59:22+00:00\" \/>\n<meta name=\"twitter:card\" content=\"summary_large_image\" \/>\n<meta name=\"twitter:site\" content=\"@dantzmusik\" \/>\n<meta name=\"twitter:label1\" content=\"Est. reading time\" \/>\n\t<meta name=\"twitter:data1\" content=\"3 minutes\" \/>\n<script type=\"application\/ld+json\" class=\"yoast-schema-graph\">{\"@context\":\"https:\/\/schema.org\",\"@graph\":[{\"@type\":\"WebPage\",\"@id\":\"https:\/\/dantz.eu\/en\/cookies-policy\/\",\"url\":\"https:\/\/dantz.eu\/en\/cookies-policy\/\",\"name\":\"M\u00fasica electr\u00f3nica y contempor\u00e1nea | Dantz | Festival | Point | Home |\",\"isPartOf\":{\"@id\":\"https:\/\/dantz.eu\/en\/#website\"},\"datePublished\":\"2026-01-23T08:40:23+00:00\",\"dateModified\":\"2026-01-23T08:59:22+00:00\",\"description\":\"Dantz es un laboratorio y contenedor de proyectos en el \u00e1mbito cultural y art\u00edstico que tiene como eje la m\u00fasica electr\u00f3nica y de vanguardia.\",\"inLanguage\":\"en-US\",\"potentialAction\":[{\"@type\":\"ReadAction\",\"target\":[\"https:\/\/dantz.eu\/en\/cookies-policy\/\"]}]},{\"@type\":\"WebSite\",\"@id\":\"https:\/\/dantz.eu\/en\/#website\",\"url\":\"https:\/\/dantz.eu\/en\/\",\"name\":\"Dantz\",\"description\":\"Contemporary &amp; Electronic Music Platform\",\"publisher\":{\"@id\":\"https:\/\/dantz.eu\/en\/#organization\"},\"potentialAction\":[{\"@type\":\"SearchAction\",\"target\":{\"@type\":\"EntryPoint\",\"urlTemplate\":\"https:\/\/dantz.eu\/en\/?s={search_term_string}\"},\"query-input\":{\"@type\":\"PropertyValueSpecification\",\"valueRequired\":true,\"valueName\":\"search_term_string\"}}],\"inLanguage\":\"en-US\"},{\"@type\":\"Organization\",\"@id\":\"https:\/\/dantz.eu\/en\/#organization\",\"name\":\"dantz\",\"url\":\"https:\/\/dantz.eu\/en\/\",\"logo\":{\"@type\":\"ImageObject\",\"inLanguage\":\"en-US\",\"@id\":\"https:\/\/dantz.eu\/en\/#\/schema\/logo\/image\/\",\"url\":\"https:\/\/dantz.eu\/wp-content\/uploads\/2025\/04\/d.jpg\",\"contentUrl\":\"https:\/\/dantz.eu\/wp-content\/uploads\/2025\/04\/d.jpg\",\"width\":312,\"height\":210,\"caption\":\"dantz\"},\"image\":{\"@id\":\"https:\/\/dantz.eu\/en\/#\/schema\/logo\/image\/\"},\"sameAs\":[\"https:\/\/www.facebook.com\/dantzmusik\/\",\"https:\/\/x.com\/dantzmusik\",\"https:\/\/www.instagram.com\/dantzmusik\/\",\"https:\/\/www.youtube.com\/channel\/UC8ErqRxdgwWhMmf5yuBYF5Q\",\"https:\/\/www.linkedin.com\/company\/dantz\/posts\/?feedView=all\",\"https:\/\/soundcloud.com\/dantzmusik\"]}]}<\/script>\n<!-- \/ Yoast SEO plugin. -->","yoast_head_json":{"title":"M\u00fasica electr\u00f3nica y contempor\u00e1nea | Dantz | Festival | Point | Home |","description":"Dantz es un laboratorio y contenedor de proyectos en el \u00e1mbito cultural y art\u00edstico que tiene como eje la m\u00fasica electr\u00f3nica y de vanguardia.","robots":{"index":"noindex","follow":"nofollow"},"og_locale":"en_US","og_type":"article","og_title":"M\u00fasica electr\u00f3nica y contempor\u00e1nea | Dantz | Festival | Point | Home |","og_description":"Dantz es un laboratorio y contenedor de proyectos en el \u00e1mbito cultural y art\u00edstico que tiene como eje la m\u00fasica electr\u00f3nica y de vanguardia.","og_url":"https:\/\/dantz.eu\/en\/cookies-policy\/","og_site_name":"Dantz","article_publisher":"https:\/\/www.facebook.com\/dantzmusik\/","article_modified_time":"2026-01-23T08:59:22+00:00","twitter_card":"summary_large_image","twitter_site":"@dantzmusik","twitter_misc":{"Est. reading time":"3 minutes"},"schema":{"@context":"https:\/\/schema.org","@graph":[{"@type":"WebPage","@id":"https:\/\/dantz.eu\/en\/cookies-policy\/","url":"https:\/\/dantz.eu\/en\/cookies-policy\/","name":"M\u00fasica electr\u00f3nica y contempor\u00e1nea | Dantz | Festival | Point | Home |","isPartOf":{"@id":"https:\/\/dantz.eu\/en\/#website"},"datePublished":"2026-01-23T08:40:23+00:00","dateModified":"2026-01-23T08:59:22+00:00","description":"Dantz es un laboratorio y contenedor de proyectos en el \u00e1mbito cultural y art\u00edstico que tiene como eje la m\u00fasica electr\u00f3nica y de vanguardia.","inLanguage":"en-US","potentialAction":[{"@type":"ReadAction","target":["https:\/\/dantz.eu\/en\/cookies-policy\/"]}]},{"@type":"WebSite","@id":"https:\/\/dantz.eu\/en\/#website","url":"https:\/\/dantz.eu\/en\/","name":"Dantz","description":"Contemporary &amp; Electronic Music Platform","publisher":{"@id":"https:\/\/dantz.eu\/en\/#organization"},"potentialAction":[{"@type":"SearchAction","target":{"@type":"EntryPoint","urlTemplate":"https:\/\/dantz.eu\/en\/?s={search_term_string}"},"query-input":{"@type":"PropertyValueSpecification","valueRequired":true,"valueName":"search_term_string"}}],"inLanguage":"en-US"},{"@type":"Organization","@id":"https:\/\/dantz.eu\/en\/#organization","name":"dantz","url":"https:\/\/dantz.eu\/en\/","logo":{"@type":"ImageObject","inLanguage":"en-US","@id":"https:\/\/dantz.eu\/en\/#\/schema\/logo\/image\/","url":"https:\/\/dantz.eu\/wp-content\/uploads\/2025\/04\/d.jpg","contentUrl":"https:\/\/dantz.eu\/wp-content\/uploads\/2025\/04\/d.jpg","width":312,"height":210,"caption":"dantz"},"image":{"@id":"https:\/\/dantz.eu\/en\/#\/schema\/logo\/image\/"},"sameAs":["https:\/\/www.facebook.com\/dantzmusik\/","https:\/\/x.com\/dantzmusik","https:\/\/www.instagram.com\/dantzmusik\/","https:\/\/www.youtube.com\/channel\/UC8ErqRxdgwWhMmf5yuBYF5Q","https:\/\/www.linkedin.com\/company\/dantz\/posts\/?feedView=all","https:\/\/soundcloud.com\/dantzmusik"]}]}},"_links":{"self":[{"href":"https:\/\/dantz.eu\/en\/wp-json\/wp\/v2\/pages\/21714","targetHints":{"allow":["GET"]}}],"collection":[{"href":"https:\/\/dantz.eu\/en\/wp-json\/wp\/v2\/pages"}],"about":[{"href":"https:\/\/dantz.eu\/en\/wp-json\/wp\/v2\/types\/page"}],"author":[{"embeddable":true,"href":"https:\/\/dantz.eu\/en\/wp-json\/wp\/v2\/users\/2"}],"replies":[{"embeddable":true,"href":"https:\/\/dantz.eu\/en\/wp-json\/wp\/v2\/comments?post=21714"}],"version-history":[{"count":1,"href":"https:\/\/dantz.eu\/en\/wp-json\/wp\/v2\/pages\/21714\/revisions"}],"predecessor-version":[{"id":21715,"href":"https:\/\/dantz.eu\/en\/wp-json\/wp\/v2\/pages\/21714\/revisions\/21715"}],"wp:attachment":[{"href":"https:\/\/dantz.eu\/en\/wp-json\/wp\/v2\/media?parent=21714"}],"curies":[{"name":"wp","href":"https:\/\/api.w.org\/{rel}","templated":true}]}}