{"id":5413,"date":"2024-11-07T10:52:33","date_gmt":"2024-11-07T10:52:33","guid":{"rendered":"https:\/\/dantz.eu\/academy\/?page_id=5413"},"modified":"2024-11-07T14:56:17","modified_gmt":"2024-11-07T14:56:17","slug":"beca-dantz-academy","status":"publish","type":"page","link":"https:\/\/dantz.eu\/academy\/beca-dantz-academy\/","title":{"rendered":"Beca Dantz Academy"},"content":{"rendered":"\t\t<div data-elementor-type=\"wp-page\" data-elementor-id=\"5413\" class=\"elementor elementor-5413\" data-elementor-post-type=\"page\">\n\t\t\t\t\t\t<section class=\"elementor-section elementor-top-section elementor-element elementor-element-4c91d601 elementor-section-boxed elementor-section-height-default elementor-section-height-default\" data-id=\"4c91d601\" data-element_type=\"section\" data-settings=\"{&quot;background_background&quot;:&quot;classic&quot;}\">\n\t\t\t\t\t\t\t<div class=\"elementor-background-overlay\"><\/div>\n\t\t\t\t\t\t\t<div class=\"elementor-container elementor-column-gap-default\">\n\t\t\t\t\t<div class=\"elementor-column elementor-col-100 elementor-top-column elementor-element elementor-element-786fb25b\" data-id=\"786fb25b\" data-element_type=\"column\">\n\t\t\t<div class=\"elementor-widget-wrap elementor-element-populated\">\n\t\t\t\t\t\t<div class=\"elementor-element elementor-element-a2aa633 elementor-widget__width-initial elementor-widget elementor-widget-heading\" data-id=\"a2aa633\" data-element_type=\"widget\" data-widget_type=\"heading.default\">\n\t\t\t\t<div class=\"elementor-widget-container\">\n\t\t\t<h2 class=\"elementor-heading-title elementor-size-default\">BECA DANTZ ACADEMY <br> <\/h2>\t\t<\/div>\n\t\t\t\t<\/div>\n\t\t\t\t<div class=\"elementor-element elementor-element-513d449 elementor-widget elementor-widget-text-editor\" data-id=\"513d449\" data-element_type=\"widget\" data-widget_type=\"text-editor.default\">\n\t\t\t\t<div class=\"elementor-widget-container\">\n\t\t\t\t\t\t\t<p><span style=\"font-family: next-lt-light; font-size: 18pt;\">\u00a1Estamos emocionadas de anunciar el lanzamiento del primer programa de Becas Dantz Academy!\u00a0<\/span><\/p>\n<p><span style=\"font-family: next-lt-light; font-size: 18pt;\">Si resides en Euskadi y quieres introducirte en el apasionante mundo de la m\u00fasica electr\u00f3nica, tengas la edad que tengas, este programa te ofrece una oportunidad \u00fanica para acceder a una formaci\u00f3n t\u00e9cnica de iniciaci\u00f3n.<\/span><\/p>\n<div><\/div>\t\t\t\t\t\t<\/div>\n\t\t\t\t<\/div>\n\t\t\t\t<section class=\"elementor-section elementor-inner-section elementor-element elementor-element-170603bb elementor-section-boxed elementor-section-height-default elementor-section-height-default\" data-id=\"170603bb\" data-element_type=\"section\">\n\t\t\t\t\t\t<div class=\"elementor-container elementor-column-gap-narrow\">\n\t\t\t\t\t<div class=\"elementor-column elementor-col-100 elementor-inner-column elementor-element elementor-element-274bc31f\" data-id=\"274bc31f\" data-element_type=\"column\">\n\t\t\t<div class=\"elementor-widget-wrap elementor-element-populated\">\n\t\t\t\t\t\t<div class=\"elementor-element elementor-element-4271545 elementor-mobile-align-center elementor-align-center elementor-widget elementor-widget-button\" data-id=\"4271545\" data-element_type=\"widget\" data-widget_type=\"button.default\">\n\t\t\t\t<div class=\"elementor-widget-container\">\n\t\t\t\t\t<div class=\"elementor-button-wrapper\">\n\t\t\t<a class=\"elementor-button elementor-button-link elementor-size-lg\" href=\"https:\/\/forms.gle\/bSgSLxV3wQR3ftCHA\" target=\"_blank\">\n\t\t\t\t\t\t<span class=\"elementor-button-content-wrapper\">\n\t\t\t\t\t\t\t\t\t<span class=\"elementor-button-text\">INSCR\u00cdBETE AQU\u00cd ANTES DEL 14 DE NOVIEMBRE<\/span>\n\t\t\t\t\t<\/span>\n\t\t\t\t\t<\/a>\n\t\t<\/div>\n\t\t\t\t<\/div>\n\t\t\t\t<\/div>\n\t\t\t\t\t<\/div>\n\t\t<\/div>\n\t\t\t\t\t<\/div>\n\t\t<\/section>\n\t\t\t\t\t<\/div>\n\t\t<\/div>\n\t\t\t\t\t<\/div>\n\t\t<\/section>\n\t\t\t\t<section class=\"elementor-section elementor-top-section elementor-element elementor-element-2d0e59f8 elementor-section-boxed elementor-section-height-default elementor-section-height-default\" data-id=\"2d0e59f8\" data-element_type=\"section\" data-settings=\"{&quot;background_background&quot;:&quot;classic&quot;}\">\n\t\t\t\t\t\t<div class=\"elementor-container elementor-column-gap-default\">\n\t\t\t\t\t<div class=\"elementor-column elementor-col-100 elementor-top-column elementor-element elementor-element-3f76ec55\" data-id=\"3f76ec55\" data-element_type=\"column\">\n\t\t\t<div class=\"elementor-widget-wrap elementor-element-populated\">\n\t\t\t\t\t\t<section class=\"elementor-section elementor-inner-section elementor-element elementor-element-50c32fe0 elementor-section-boxed elementor-section-height-default elementor-section-height-default\" data-id=\"50c32fe0\" data-element_type=\"section\">\n\t\t\t\t\t\t<div class=\"elementor-container elementor-column-gap-default\">\n\t\t\t\t\t<div class=\"elementor-column elementor-col-100 elementor-inner-column elementor-element elementor-element-6a1d3294\" data-id=\"6a1d3294\" data-element_type=\"column\">\n\t\t\t<div class=\"elementor-widget-wrap elementor-element-populated\">\n\t\t\t\t\t\t<div class=\"elementor-element elementor-element-600715b elementor-widget__width-initial elementor-widget elementor-widget-text-editor\" data-id=\"600715b\" data-element_type=\"widget\" data-widget_type=\"text-editor.default\">\n\t\t\t\t<div class=\"elementor-widget-container\">\n\t\t\t\t\t\t\t<h3 style=\"text-align: left;\"><strong><span style=\"background-color: var( --e-global-color-ac8160f ); font-family: next-lt-light; font-size: 24pt;\">\u00bfQu\u00e9 ofrecemos?<\/span><\/strong><\/h3>\n<div style=\"text-align: left;\"><span style=\"background-color: var( --e-global-color-ac8160f ); font-family: next-lt-light;\"><b>\u00a0<\/b><\/span><\/div>\n<h3 style=\"text-align: left;\"><span style=\"font-size: 14pt; font-family: next-lt-light;\">Siguiendo nuestro compromiso por acercar la cultura de la m\u00fasica electr\u00f3nica a todos los p\u00fablicos, ponemos a vuestra disposici\u00f3n el <strong>primer programa de Becas Dantz Academy<\/strong>. Un total de <strong>18 becas exclusivas<\/strong> para tres cursos de iniciaci\u00f3n especializados: <strong>DJ con CDJ, DJ con vinilo y producci\u00f3n musical<\/strong>. Cada beca tendr\u00e1 una duraci\u00f3n de <strong>10 horas de formaci\u00f3n presencial<\/strong>.<\/span><\/h3>\n<h3 style=\"text-align: left;\"><span style=\"font-size: 14pt; font-family: next-lt-light;\">\u00a0<\/span><\/h3>\n<h3 style=\"text-align: left;\"><span style=\"font-size: 14pt; font-family: next-lt-light;\">La beca cubre el 90% del coste total del curso, por lo que tras la aceptaci\u00f3n de la beca, se requerir\u00e1 un \u00fanico pago de 20 euros.<\/span><\/h3>\n<div style=\"text-align: left;\"><span style=\"font-size: 14pt; font-family: next-lt-light;\">\u00a0<\/span><\/div>\n<div>\n<h3 style=\"text-align: left;\"><span style=\"font-weight: bolder; font-family: next-lt-light;\"><span style=\"background-color: var( --e-global-color-ac8160f ); font-size: 24pt;\">\u00bfC\u00f3mo<\/span><span style=\"background-color: var( --e-global-color-ac8160f ); font-size: 24pt;\"> puedes participar?<\/span><\/span><\/h3>\n<div style=\"text-align: left;\"><span style=\"font-weight: bolder;\"><span style=\"background-color: var( --e-global-color-ac8160f ); font-size: 24pt; font-family: next-lt-light;\">\u00a0<\/span><\/span><\/div>\n<div style=\"text-align: left;\"><span style=\"font-family: next-lt-light; font-size: 14pt;\"><span style=\"background-color: var( --e-global-color-ac8160f );\">Para optar a una de nuestras becas, rellena y env\u00eda el formulario de inscripci\u00f3n\u00a0<\/span><strong>antes del 13 de noviembre de 2024 a las 23:59h<span style=\"background-color: var( --e-global-color-ac8160f );\">.<\/span><\/strong><\/span><\/div>\n<\/div>\n<div><\/div>\t\t\t\t\t\t<\/div>\n\t\t\t\t<\/div>\n\t\t\t\t\t<\/div>\n\t\t<\/div>\n\t\t\t\t\t<\/div>\n\t\t<\/section>\n\t\t\t\t<section class=\"elementor-section elementor-inner-section elementor-element elementor-element-34b48f4 elementor-section-boxed elementor-section-height-default elementor-section-height-default\" data-id=\"34b48f4\" data-element_type=\"section\">\n\t\t\t\t\t\t\t<div class=\"elementor-background-overlay\"><\/div>\n\t\t\t\t\t\t\t<div class=\"elementor-container elementor-column-gap-narrow\">\n\t\t\t\t\t<div class=\"elementor-column elementor-col-100 elementor-inner-column elementor-element elementor-element-7fe3ebd\" data-id=\"7fe3ebd\" data-element_type=\"column\">\n\t\t\t<div class=\"elementor-widget-wrap elementor-element-populated\">\n\t\t\t\t\t\t<div class=\"elementor-element elementor-element-e96731a elementor-widget elementor-widget-spacer\" data-id=\"e96731a\" data-element_type=\"widget\" data-widget_type=\"spacer.default\">\n\t\t\t\t<div class=\"elementor-widget-container\">\n\t\t\t\t\t<div class=\"elementor-spacer\">\n\t\t\t<div class=\"elementor-spacer-inner\"><\/div>\n\t\t<\/div>\n\t\t\t\t<\/div>\n\t\t\t\t<\/div>\n\t\t\t\t<div class=\"elementor-element elementor-element-328326f elementor-mobile-align-center elementor-align-center elementor-widget elementor-widget-button\" data-id=\"328326f\" data-element_type=\"widget\" data-widget_type=\"button.default\">\n\t\t\t\t<div class=\"elementor-widget-container\">\n\t\t\t\t\t<div class=\"elementor-button-wrapper\">\n\t\t\t<a class=\"elementor-button elementor-button-link elementor-size-xl\" href=\"https:\/\/forms.gle\/bSgSLxV3wQR3ftCHA\" target=\"_blank\">\n\t\t\t\t\t\t<span class=\"elementor-button-content-wrapper\">\n\t\t\t\t\t\t\t\t\t<span class=\"elementor-button-text\">FORMULARIO DE INSCRIPCI\u00d3N<\/span>\n\t\t\t\t\t<\/span>\n\t\t\t\t\t<\/a>\n\t\t<\/div>\n\t\t\t\t<\/div>\n\t\t\t\t<\/div>\n\t\t\t\t\t<\/div>\n\t\t<\/div>\n\t\t\t\t\t<\/div>\n\t\t<\/section>\n\t\t\t\t\t<\/div>\n\t\t<\/div>\n\t\t\t\t\t<\/div>\n\t\t<\/section>\n\t\t\t\t<section class=\"elementor-section elementor-top-section elementor-element elementor-element-70ddbee elementor-section-content-middle elementor-section-boxed elementor-section-height-default elementor-section-height-default\" data-id=\"70ddbee\" data-element_type=\"section\" data-settings=\"{&quot;background_background&quot;:&quot;classic&quot;}\">\n\t\t\t\t\t\t<div class=\"elementor-container elementor-column-gap-no\">\n\t\t\t\t\t<div class=\"elementor-column elementor-col-100 elementor-top-column elementor-element elementor-element-76a3f4a\" data-id=\"76a3f4a\" data-element_type=\"column\">\n\t\t\t<div class=\"elementor-widget-wrap elementor-element-populated\">\n\t\t\t\t\t\t<div class=\"elementor-element elementor-element-972f536 elementor-widget elementor-widget-heading\" data-id=\"972f536\" data-element_type=\"widget\" data-widget_type=\"heading.default\">\n\t\t\t\t<div class=\"elementor-widget-container\">\n\t\t\t<h2 class=\"elementor-heading-title elementor-size-default\">\u00bfDe qu\u00e9 te gustar\u00eda formarte?<\/h2>\t\t<\/div>\n\t\t\t\t<\/div>\n\t\t\t\t<div class=\"elementor-element elementor-element-a9f1d20 elementor-widget elementor-widget-heading\" data-id=\"a9f1d20\" data-element_type=\"widget\" data-widget_type=\"heading.default\">\n\t\t\t\t<div class=\"elementor-widget-container\">\n\t\t\t<h2 class=\"elementor-heading-title elementor-size-default\">Info\/Dudas: info@dantz.eu<\/h2>\t\t<\/div>\n\t\t\t\t<\/div>\n\t\t\t\t\t<\/div>\n\t\t<\/div>\n\t\t\t\t\t<\/div>\n\t\t<\/section>\n\t\t\t\t<\/div>\n\t\t","protected":false},"excerpt":{"rendered":"<p>BECA DANTZ ACADEMY \u00a1Estamos emocionadas de anunciar el lanzamiento del primer programa de Becas Dantz Academy!\u00a0 Si resides en Euskadi y quieres introducirte en el apasionante mundo de la m\u00fasica electr\u00f3nica, tengas la edad que tengas, este programa te ofrece una oportunidad \u00fanica para acceder a una formaci\u00f3n t\u00e9cnica de iniciaci\u00f3n. INSCR\u00cdBETE AQU\u00cd ANTES DEL [&hellip;]<\/p>\n","protected":false},"author":2,"featured_media":1636,"parent":0,"menu_order":0,"comment_status":"closed","ping_status":"closed","template":"elementor_header_footer","meta":{"_acf_changed":false,"footnotes":""},"class_list":["post-5413","page","type-page","status-publish","has-post-thumbnail","hentry"],"acf":[],"yoast_head":"<!-- This site is optimized with the Yoast SEO plugin v23.5 - https:\/\/yoast.com\/wordpress\/plugins\/seo\/ -->\n<title>Cursos Dj para principiantes | Dantz Academy<\/title>\n<meta name=\"description\" content=\"Cursos Dj para principiantes, aprender\u00e1s a realizar una sesi\u00f3n de DJ, teniendo en cuenta el \u00e1rea t\u00e9cnica, conceptual y de mezcla.\" \/>\n<meta name=\"robots\" content=\"index, follow, max-snippet:-1, max-image-preview:large, max-video-preview:-1\" \/>\n<link rel=\"canonical\" href=\"https:\/\/dantz.eu\/academy\/beca-dantz-academy\/\" \/>\n<meta property=\"og:locale\" content=\"es_ES\" \/>\n<meta property=\"og:type\" content=\"article\" \/>\n<meta property=\"og:title\" content=\"Cursos de Dj para principiantes | Dantz Academy\" \/>\n<meta property=\"og:description\" content=\"Fundamentos b\u00e1sicos para realizar una sesi\u00f3n de DJ, teniendo en cuenta el \u00e1rea t\u00e9cnica, conceptual y de mezcla.\" \/>\n<meta property=\"og:url\" content=\"https:\/\/dantz.eu\/academy\/beca-dantz-academy\/\" \/>\n<meta property=\"og:site_name\" content=\"Dantz Academy\" \/>\n<meta property=\"article:modified_time\" content=\"2024-11-07T14:56:17+00:00\" \/>\n<meta property=\"og:image\" content=\"https:\/\/dantz.eu\/academy\/wp-content\/uploads\/sites\/4\/2022\/01\/DSC01434-e1649326655130.jpg\" \/>\n\t<meta property=\"og:image:width\" content=\"900\" \/>\n\t<meta property=\"og:image:height\" content=\"600\" \/>\n\t<meta property=\"og:image:type\" content=\"image\/jpeg\" \/>\n<meta name=\"twitter:card\" content=\"summary_large_image\" \/>\n<meta name=\"twitter:title\" content=\"Cursos de Dj para principiantes | Dantz Academy\" \/>\n<meta name=\"twitter:description\" content=\"Fundamentos b\u00e1sicos para realizar una sesi\u00f3n de DJ, teniendo en cuenta el \u00e1rea t\u00e9cnica, conceptual y de mezcla.\" \/>\n<meta name=\"twitter:image\" content=\"https:\/\/dantz.eu\/academy\/wp-content\/uploads\/sites\/4\/2022\/01\/DSC01434-e1649326655130.jpg\" \/>\n<meta name=\"twitter:label1\" content=\"Tiempo de lectura\" \/>\n\t<meta name=\"twitter:data1\" content=\"1 minuto\" \/>\n<script type=\"application\/ld+json\" class=\"yoast-schema-graph\">{\"@context\":\"https:\/\/schema.org\",\"@graph\":[{\"@type\":\"WebPage\",\"@id\":\"https:\/\/dantz.eu\/academy\/beca-dantz-academy\/\",\"url\":\"https:\/\/dantz.eu\/academy\/beca-dantz-academy\/\",\"name\":\"Cursos Dj para principiantes | Dantz Academy\",\"isPartOf\":{\"@id\":\"https:\/\/dantz.eu\/academy\/#website\"},\"primaryImageOfPage\":{\"@id\":\"https:\/\/dantz.eu\/academy\/beca-dantz-academy\/#primaryimage\"},\"image\":{\"@id\":\"https:\/\/dantz.eu\/academy\/beca-dantz-academy\/#primaryimage\"},\"thumbnailUrl\":\"https:\/\/dantz.eu\/academy\/wp-content\/uploads\/sites\/4\/2022\/01\/DSC01434-e1649326655130.jpg\",\"datePublished\":\"2024-11-07T10:52:33+00:00\",\"dateModified\":\"2024-11-07T14:56:17+00:00\",\"description\":\"Cursos Dj para principiantes, aprender\u00e1s a realizar una sesi\u00f3n de DJ, teniendo en cuenta el \u00e1rea t\u00e9cnica, conceptual y de mezcla.\",\"breadcrumb\":{\"@id\":\"https:\/\/dantz.eu\/academy\/beca-dantz-academy\/#breadcrumb\"},\"inLanguage\":\"es\",\"potentialAction\":[{\"@type\":\"ReadAction\",\"target\":[\"https:\/\/dantz.eu\/academy\/beca-dantz-academy\/\"]}]},{\"@type\":\"ImageObject\",\"inLanguage\":\"es\",\"@id\":\"https:\/\/dantz.eu\/academy\/beca-dantz-academy\/#primaryimage\",\"url\":\"https:\/\/dantz.eu\/academy\/wp-content\/uploads\/sites\/4\/2022\/01\/DSC01434-e1649326655130.jpg\",\"contentUrl\":\"https:\/\/dantz.eu\/academy\/wp-content\/uploads\/sites\/4\/2022\/01\/DSC01434-e1649326655130.jpg\",\"width\":900,\"height\":600},{\"@type\":\"BreadcrumbList\",\"@id\":\"https:\/\/dantz.eu\/academy\/beca-dantz-academy\/#breadcrumb\",\"itemListElement\":[{\"@type\":\"ListItem\",\"position\":1,\"name\":\"Portada\",\"item\":\"https:\/\/dantz.eu\/academy\/\"},{\"@type\":\"ListItem\",\"position\":2,\"name\":\"Beca Dantz Academy\"}]},{\"@type\":\"WebSite\",\"@id\":\"https:\/\/dantz.eu\/academy\/#website\",\"url\":\"https:\/\/dantz.eu\/academy\/\",\"name\":\"Dantz Academy\",\"description\":\"Haz realidad la musica de tus sue\u00f1os\",\"publisher\":{\"@id\":\"https:\/\/dantz.eu\/academy\/#organization\"},\"potentialAction\":[{\"@type\":\"SearchAction\",\"target\":{\"@type\":\"EntryPoint\",\"urlTemplate\":\"https:\/\/dantz.eu\/academy\/?s={search_term_string}\"},\"query-input\":{\"@type\":\"PropertyValueSpecification\",\"valueRequired\":true,\"valueName\":\"search_term_string\"}}],\"inLanguage\":\"es\"},{\"@type\":\"Organization\",\"@id\":\"https:\/\/dantz.eu\/academy\/#organization\",\"name\":\"Dantz Academy\",\"url\":\"https:\/\/dantz.eu\/academy\/\",\"logo\":{\"@type\":\"ImageObject\",\"inLanguage\":\"es\",\"@id\":\"https:\/\/dantz.eu\/academy\/#\/schema\/logo\/image\/\",\"url\":\"https:\/\/dantz.eu\/academy\/wp-content\/uploads\/sites\/4\/2021\/10\/cropped-DANTZ-ACADEMY-WEB.jpg\",\"contentUrl\":\"https:\/\/dantz.eu\/academy\/wp-content\/uploads\/sites\/4\/2021\/10\/cropped-DANTZ-ACADEMY-WEB.jpg\",\"width\":1068,\"height\":1068,\"caption\":\"Dantz Academy\"},\"image\":{\"@id\":\"https:\/\/dantz.eu\/academy\/#\/schema\/logo\/image\/\"}}]}<\/script>\n<!-- \/ Yoast SEO plugin. -->","yoast_head_json":{"title":"Cursos Dj para principiantes | Dantz Academy","description":"Cursos Dj para principiantes, aprender\u00e1s a realizar una sesi\u00f3n de DJ, teniendo en cuenta el \u00e1rea t\u00e9cnica, conceptual y de mezcla.","robots":{"index":"index","follow":"follow","max-snippet":"max-snippet:-1","max-image-preview":"max-image-preview:large","max-video-preview":"max-video-preview:-1"},"canonical":"https:\/\/dantz.eu\/academy\/beca-dantz-academy\/","og_locale":"es_ES","og_type":"article","og_title":"Cursos de Dj para principiantes | Dantz Academy","og_description":"Fundamentos b\u00e1sicos para realizar una sesi\u00f3n de DJ, teniendo en cuenta el \u00e1rea t\u00e9cnica, conceptual y de mezcla.","og_url":"https:\/\/dantz.eu\/academy\/beca-dantz-academy\/","og_site_name":"Dantz Academy","article_modified_time":"2024-11-07T14:56:17+00:00","og_image":[{"width":900,"height":600,"url":"https:\/\/dantz.eu\/academy\/wp-content\/uploads\/sites\/4\/2022\/01\/DSC01434-e1649326655130.jpg","type":"image\/jpeg"}],"twitter_card":"summary_large_image","twitter_title":"Cursos de Dj para principiantes | Dantz Academy","twitter_description":"Fundamentos b\u00e1sicos para realizar una sesi\u00f3n de DJ, teniendo en cuenta el \u00e1rea t\u00e9cnica, conceptual y de mezcla.","twitter_image":"https:\/\/dantz.eu\/academy\/wp-content\/uploads\/sites\/4\/2022\/01\/DSC01434-e1649326655130.jpg","twitter_misc":{"Tiempo de lectura":"1 minuto"},"schema":{"@context":"https:\/\/schema.org","@graph":[{"@type":"WebPage","@id":"https:\/\/dantz.eu\/academy\/beca-dantz-academy\/","url":"https:\/\/dantz.eu\/academy\/beca-dantz-academy\/","name":"Cursos Dj para principiantes | Dantz Academy","isPartOf":{"@id":"https:\/\/dantz.eu\/academy\/#website"},"primaryImageOfPage":{"@id":"https:\/\/dantz.eu\/academy\/beca-dantz-academy\/#primaryimage"},"image":{"@id":"https:\/\/dantz.eu\/academy\/beca-dantz-academy\/#primaryimage"},"thumbnailUrl":"https:\/\/dantz.eu\/academy\/wp-content\/uploads\/sites\/4\/2022\/01\/DSC01434-e1649326655130.jpg","datePublished":"2024-11-07T10:52:33+00:00","dateModified":"2024-11-07T14:56:17+00:00","description":"Cursos Dj para principiantes, aprender\u00e1s a realizar una sesi\u00f3n de DJ, teniendo en cuenta el \u00e1rea t\u00e9cnica, conceptual y de mezcla.","breadcrumb":{"@id":"https:\/\/dantz.eu\/academy\/beca-dantz-academy\/#breadcrumb"},"inLanguage":"es","potentialAction":[{"@type":"ReadAction","target":["https:\/\/dantz.eu\/academy\/beca-dantz-academy\/"]}]},{"@type":"ImageObject","inLanguage":"es","@id":"https:\/\/dantz.eu\/academy\/beca-dantz-academy\/#primaryimage","url":"https:\/\/dantz.eu\/academy\/wp-content\/uploads\/sites\/4\/2022\/01\/DSC01434-e1649326655130.jpg","contentUrl":"https:\/\/dantz.eu\/academy\/wp-content\/uploads\/sites\/4\/2022\/01\/DSC01434-e1649326655130.jpg","width":900,"height":600},{"@type":"BreadcrumbList","@id":"https:\/\/dantz.eu\/academy\/beca-dantz-academy\/#breadcrumb","itemListElement":[{"@type":"ListItem","position":1,"name":"Portada","item":"https:\/\/dantz.eu\/academy\/"},{"@type":"ListItem","position":2,"name":"Beca Dantz Academy"}]},{"@type":"WebSite","@id":"https:\/\/dantz.eu\/academy\/#website","url":"https:\/\/dantz.eu\/academy\/","name":"Dantz Academy","description":"Haz realidad la musica de tus sue\u00f1os","publisher":{"@id":"https:\/\/dantz.eu\/academy\/#organization"},"potentialAction":[{"@type":"SearchAction","target":{"@type":"EntryPoint","urlTemplate":"https:\/\/dantz.eu\/academy\/?s={search_term_string}"},"query-input":{"@type":"PropertyValueSpecification","valueRequired":true,"valueName":"search_term_string"}}],"inLanguage":"es"},{"@type":"Organization","@id":"https:\/\/dantz.eu\/academy\/#organization","name":"Dantz Academy","url":"https:\/\/dantz.eu\/academy\/","logo":{"@type":"ImageObject","inLanguage":"es","@id":"https:\/\/dantz.eu\/academy\/#\/schema\/logo\/image\/","url":"https:\/\/dantz.eu\/academy\/wp-content\/uploads\/sites\/4\/2021\/10\/cropped-DANTZ-ACADEMY-WEB.jpg","contentUrl":"https:\/\/dantz.eu\/academy\/wp-content\/uploads\/sites\/4\/2021\/10\/cropped-DANTZ-ACADEMY-WEB.jpg","width":1068,"height":1068,"caption":"Dantz Academy"},"image":{"@id":"https:\/\/dantz.eu\/academy\/#\/schema\/logo\/image\/"}}]}},"_links":{"self":[{"href":"https:\/\/dantz.eu\/academy\/wp-json\/wp\/v2\/pages\/5413","targetHints":{"allow":["GET"]}}],"collection":[{"href":"https:\/\/dantz.eu\/academy\/wp-json\/wp\/v2\/pages"}],"about":[{"href":"https:\/\/dantz.eu\/academy\/wp-json\/wp\/v2\/types\/page"}],"author":[{"embeddable":true,"href":"https:\/\/dantz.eu\/academy\/wp-json\/wp\/v2\/users\/2"}],"replies":[{"embeddable":true,"href":"https:\/\/dantz.eu\/academy\/wp-json\/wp\/v2\/comments?post=5413"}],"version-history":[{"count":32,"href":"https:\/\/dantz.eu\/academy\/wp-json\/wp\/v2\/pages\/5413\/revisions"}],"predecessor-version":[{"id":5492,"href":"https:\/\/dantz.eu\/academy\/wp-json\/wp\/v2\/pages\/5413\/revisions\/5492"}],"wp:featuredmedia":[{"embeddable":true,"href":"https:\/\/dantz.eu\/academy\/wp-json\/wp\/v2\/media\/1636"}],"wp:attachment":[{"href":"https:\/\/dantz.eu\/academy\/wp-json\/wp\/v2\/media?parent=5413"}],"curies":[{"name":"wp","href":"https:\/\/api.w.org\/{rel}","templated":true}]}}